{"id":960,"date":"2019-10-03T08:56:35","date_gmt":"2019-10-03T06:56:35","guid":{"rendered":"http:\/\/makethemsmilekenya.org\/?page_id=960"},"modified":"2019-10-03T08:56:35","modified_gmt":"2019-10-03T06:56:35","slug":"annes-besoeg-i-kenya","status":"publish","type":"page","link":"https:\/\/makethemsmilekenya.org\/da_dk\/blog\/annes-besoeg-i-kenya\/","title":{"rendered":"Annes bes\u00f8g i Kenya"},"content":{"rendered":"<div class=\"vc_row wpb_row vc_row-fluid\"><div class=\"wpb_column vc_column_container vc_col-sm-12\"><div class=\"vc_column-inner \"><div class=\"wpb_wrapper\"><div class=\"boc_spacing \" style=\"height: 50px\"><\/div><h2 class=\"boc_heading  al_left  \"  style=\"margin-bottom: 20px;margin-top: 0px;color: #333;\"><span>Annes <strong>bes\u00f8g <\/strong> i Kenya<\/span><\/h2><\/div><\/div><\/div><\/div><div class=\"vc_row wpb_row vc_row-fluid\"><div class=\"wpb_column vc_column_container vc_col-sm-6\"><div class=\"vc_column-inner \"><div class=\"wpb_wrapper\">\n\t<div class=\"wpb_text_column wpb_content_element \">\n\t\t<div class=\"wpb_wrapper\">\n\t\t\t<div class=\"row\">\n<div class=\"col\">\n<div class=\"extra\">\n<div class=\"component \">\n<div class=\"self mobile-leaf text textnormal\">\n<p>I Ry ved alle hvem Ditte Engelbrecht er. Vi har alle set billederne af sm\u00e5 s\u00f8de b\u00f8rn i \u201dRy h\u00e5ndbold\u201d tr\u00f8jer, og h\u00f8rt den fantastiske historie om b\u00f8rnehjemmet der er ved at blive bygget i et land langt borte.<br \/>\nS\u00e5 naturligvis var jeg nysgerrig for at se projektet og bes\u00f8ge grunden, hvor f\u00f8romtalte b\u00f8rnehjem skal bygges, da jeg nu alligevel tog til de varme lande i Afrika.<br \/>\nEfter en smuk flyvetur over Kenya, med giraffer under os, og Kilimanjaro, der tittede op over skyerne, landede jeg i hvad der m\u00e5 v\u00e6re verdens mindste lufthavn, i Diani Beach.<br \/>\nBagageudleveringen var et par friske fyre, der hev kufferter ned af en vogn, og spredte dem ud p\u00e5 gr\u00e6sset.<\/p>\n<p>Kamp-svedende i lange bukser fra flyveturen, og med alt for meget bagage p\u00e5 ryggen, m\u00f8dte jeg Grace \u2013 en smilende velkommen engel med en aircondition-k\u00f8lig bil.<br \/>\nI bedste afslappede afrikanske stil k\u00f8rte vi om og m\u00f8dte Andy p\u00e5 den lokale backpacker bar, hvor han spiste Chapati og n\u00f8d solen.<\/p>\n<p>Som dansker i Afrika kan det ikke nytte noget at l\u00e6gge planer, og sp\u00f8rge efter bestemte tidspunkter og deadlines. Hvis man er glad for sit blodtryk, og ikke skal bede om et maves\u00e5r, er det bedst bare at l\u00e6ne sig tilbage, og tage tingene som de kommer.<\/p>\n<p>S\u00e5 jeg skulle ikke nyde noget af at sp\u00f8rge om, hvor vi skulle hen, eller hvad der skulle ske!<br \/>\nTingene har det jo med at ordne sig alligevel. Andy og Grace tog mig med ind i landet til Dittes lejlighed, hvor jeg havde f\u00e5et lov at overnatte den n\u00e6ste uges tid. En dejlig sval hule med masser af plads, rindende vand, en toiletd\u00f8r der kunne lukkes, og et k\u00f8leskab der virkede! Noget jeg havde levet uden i 3 uger inden da i det centrale Kenya.<br \/>\nAlts\u00e5 den rene luksus.<br \/>\nHvad der ikke var g\u00e5et op for mig inden jeg ankom var, at Diani\/Ukunda er et ret s\u00e5 l\u00e6kkert ferieparadis, som folk valfarter til, for at nyde den hvide sandstrand, kokospalmerne og det turkisbl\u00e5 vand.<br \/>\nS\u00e5 ud over at have karma p\u00e5 min side, og g\u00f8re en god gerning, fik jeg alts\u00e5 ogs\u00e5 mulighed for at nyde livet i et popul\u00e6rt ferieparadis, men med nye lokale venner, der vidste hvor de bedste Chapati\u2019s og billigste drinks var! Det var en sk\u00f8n overraskelse.<\/p>\n<\/div>\n<\/div>\n<\/div>\n<\/div>\n<\/div>\n\n\t\t<\/div>\n\t<\/div>\n<\/div><\/div><\/div><div class=\"wpb_column vc_column_container vc_col-sm-6\"><div class=\"vc_column-inner \"><div class=\"wpb_wrapper\">\n\t<div class=\"wpb_single_image wpb_content_element vc_align_left\">\n\t\t\n\t\t<figure class=\"wpb_wrapper vc_figure\">\n\t\t\t<div class=\"vc_single_image-wrapper   vc_box_border_grey\"><img width=\"960\" height=\"960\" src=\"https:\/\/makethemsmilekenya.org\/wp-content\/uploads\/2019\/10\/Anne-1.jpg\" class=\"vc_single_image-img attachment-full\" alt=\"\" decoding=\"async\" loading=\"lazy\" srcset=\"https:\/\/makethemsmilekenya.org\/wp-content\/uploads\/2019\/10\/Anne-1.jpg 960w, https:\/\/makethemsmilekenya.org\/wp-content\/uploads\/2019\/10\/Anne-1-300x300.jpg 300w, https:\/\/makethemsmilekenya.org\/wp-content\/uploads\/2019\/10\/Anne-1-100x100.jpg 100w, https:\/\/makethemsmilekenya.org\/wp-content\/uploads\/2019\/10\/Anne-1-400x400.jpg 400w, https:\/\/makethemsmilekenya.org\/wp-content\/uploads\/2019\/10\/Anne-1-150x150.jpg 150w, https:\/\/makethemsmilekenya.org\/wp-content\/uploads\/2019\/10\/Anne-1-768x768.jpg 768w\" sizes=\"(max-width: 960px) 100vw, 960px\" \/><\/div>\n\t\t<\/figure>\n\t<\/div>\n<\/div><\/div><\/div><\/div><div class=\"vc_row wpb_row vc_row-fluid\"><div class=\"wpb_column vc_column_container vc_col-sm-6\"><div class=\"vc_column-inner \"><div class=\"wpb_wrapper\">\n\t<div class=\"wpb_text_column wpb_content_element \">\n\t\t<div class=\"wpb_wrapper\">\n\t\t\t<p>Dagen efter min ankomst k\u00f8rte vi indlands for at bes\u00f8ge landsbyen hvor \u201dMake Them Smile Kenya\u201d har deres grund, og hvor b\u00f8rnehjemmet skal bygges. Den br\u00f8nd som Make Them Smile Kenya allerede har f\u00e5et bygget, var i stykker, s\u00e5 vi slog to fluer med et sm\u00e6k, og tog en lokal h\u00e5ndv\u00e6rker med, der kunne fikse br\u00f8nden, og jeg fik mulighed for at se stedet.<br \/>\nJeg er imponeret over, hvor gennemt\u00e6nkt projektet er. For at st\u00f8tte lokalsamfundet er det h\u00e5ndv\u00e6rkere fra familier omkring grunden, der bliver hyret til arbejde p\u00e5 projektet. Og for at fordele sol og vind lige, bliver der t\u00e6nkt over ikke at hyre den samme hver gang, men at tilbyde forskellige m\u00e6nd arbejdet. Jeg forestiller mig, at det er fordelen ved at have lokale som Andy og Grace med p\u00e5 projektet \u2013 de t\u00e6nker over s\u00e5dan nogle ting.<\/p>\n<p>Man kan ikke k\u00f8re i bil hele vejen ind til grunden. Det kunne vi i hvert fald ikke! P\u00e5 et tidspunkt m\u00e5tte vi give op p\u00e5 den lille smalle sti, og i stedet g\u00e5 til fods ind og ud mellem huse, k\u00f8kkenhaver, h\u00f8ns og mangotr\u00e6er. S\u00e5 fik vi ogs\u00e5 mulighed for at hilse p\u00e5 naboerne, hvilket var en sand forn\u00f8jelse!<br \/>\nMan kan ikke andet end at blive glad og stolt over at se hvad Make Them Smile Kenya har betydet for et samfund p\u00e5 den anden side af verden. D\u00e9r &#8211; mellem kokospalmerne, st\u00f8vede af den t\u00f8rre jord, og med et k\u00e6mpe smil p\u00e5 l\u00e6ben &#8211; endte b\u00f8rn rundt i t\u00f8j, der var blevet bragt ud fra Danmark.<br \/>\nVores bes\u00f8g rygtedes omkring i landsbyen, og flere og flere b\u00f8rn og voksne dukkede op for at se hvad der nu skete, og hvem den nye blegfis fra Danmark var.<\/p>\n\n\t\t<\/div>\n\t<\/div>\n<\/div><\/div><\/div><div class=\"wpb_column vc_column_container vc_col-sm-6\"><div class=\"vc_column-inner \"><div class=\"wpb_wrapper\">\n\t<div class=\"wpb_single_image wpb_content_element vc_align_left\">\n\t\t\n\t\t<figure class=\"wpb_wrapper vc_figure\">\n\t\t\t<div class=\"vc_single_image-wrapper   vc_box_border_grey\"><img width=\"960\" height=\"960\" src=\"https:\/\/makethemsmilekenya.org\/wp-content\/uploads\/2019\/10\/Anne4.jpg\" class=\"vc_single_image-img attachment-full\" alt=\"\" decoding=\"async\" loading=\"lazy\" srcset=\"https:\/\/makethemsmilekenya.org\/wp-content\/uploads\/2019\/10\/Anne4.jpg 960w, https:\/\/makethemsmilekenya.org\/wp-content\/uploads\/2019\/10\/Anne4-300x300.jpg 300w, https:\/\/makethemsmilekenya.org\/wp-content\/uploads\/2019\/10\/Anne4-100x100.jpg 100w, https:\/\/makethemsmilekenya.org\/wp-content\/uploads\/2019\/10\/Anne4-400x400.jpg 400w, https:\/\/makethemsmilekenya.org\/wp-content\/uploads\/2019\/10\/Anne4-150x150.jpg 150w, https:\/\/makethemsmilekenya.org\/wp-content\/uploads\/2019\/10\/Anne4-768x768.jpg 768w\" sizes=\"(max-width: 960px) 100vw, 960px\" \/><\/div>\n\t\t<\/figure>\n\t<\/div>\n<\/div><\/div><\/div><\/div><div class=\"vc_row wpb_row vc_row-fluid\"><div class=\"wpb_column vc_column_container vc_col-sm-6\"><div class=\"vc_column-inner \"><div class=\"wpb_wrapper\">\n\t<div class=\"wpb_text_column wpb_content_element \">\n\t\t<div class=\"wpb_wrapper\">\n\t\t\t<p>Kenyanerne er \u00e5bne, nysgerrige og ligefremme mennesker, og selvom jeg kun kunne en lille h\u00e5ndfuld ord p\u00e5 swahili kommunikerede vi sammen og smilede og grinede.<\/p>\n<p>P\u00e5 den tid da jeg var i Kenya, var der ikke s\u00e5 meget gang i projektet. P\u00e5 bedste Kenya stil ventede de p\u00e5 tilladelser og godkendelser, der var blevet lovet, men som var blevet forsinket.<br \/>\nS\u00e5 udover at se grunden og m\u00f8de folkene, var der ikke s\u00e5 meget for mig at hj\u00e6lpe med, s\u00e5 jeg havde god tid til at nyde de dejlige strande og g\u00e5 p\u00e5 opdagelse p\u00e5 det lokale marked.<\/p>\n<p>En dag var jeg med Andy til et afslappet m\u00f8de med en anden kvinde der ogs\u00e5 er frivillige p\u00e5 projektet. Hun er uddannet inden for sundhed, jeg er medicinstuderende, og havde da lige brugt 3 uger p\u00e5 at arbejde et andet sted i Kenya blandt andet med b\u00f8rn med meget d\u00e5rlige vilk\u00e5r. Det gav et godt udgangspunkt for en snak om hvilke sundhedsm\u00e6ssige udfordringer b\u00f8rnehjemmet kommer til at have i kraft af mange b\u00f8rn der bor t\u00e6t. Vi brainstormede ogs\u00e5 p\u00e5 hvordan b\u00f8rnehjemmet kunne v\u00e6re en base eller et udgangspunkt for sundhed i hele landsbyen.<\/p>\n<p>Det var utrolig l\u00e6rerigt og sp\u00e6ndende at komme til Kenya og se \u201dMake Them Smile Kenyas projekt, og jeg er dybt imponeret over Ditte, der har sat gang i det hele, og br\u00e6nder for at g\u00f8re en forskel disse mennesker.<\/p>\n<p>Tusind tak til Andy og Grace for at tage sig s\u00e5 godt af mig mens jeg var der, og tak til Ditte for at jeg m\u00e5tte komme p\u00e5 bes\u00f8g!<\/p>\n<p>Venlig hilsen Anne<\/p>\n\n\t\t<\/div>\n\t<\/div>\n<\/div><\/div><\/div><div class=\"wpb_column vc_column_container vc_col-sm-6\"><div class=\"vc_column-inner \"><div class=\"wpb_wrapper\">\n\t<div class=\"wpb_single_image wpb_content_element vc_align_left\">\n\t\t\n\t\t<figure class=\"wpb_wrapper vc_figure\">\n\t\t\t<div class=\"vc_single_image-wrapper   vc_box_border_grey\"><img width=\"960\" height=\"960\" src=\"https:\/\/makethemsmilekenya.org\/wp-content\/uploads\/2019\/10\/Anne.jpg\" class=\"vc_single_image-img attachment-full\" alt=\"\" decoding=\"async\" loading=\"lazy\" srcset=\"https:\/\/makethemsmilekenya.org\/wp-content\/uploads\/2019\/10\/Anne.jpg 960w, https:\/\/makethemsmilekenya.org\/wp-content\/uploads\/2019\/10\/Anne-300x300.jpg 300w, https:\/\/makethemsmilekenya.org\/wp-content\/uploads\/2019\/10\/Anne-100x100.jpg 100w, https:\/\/makethemsmilekenya.org\/wp-content\/uploads\/2019\/10\/Anne-400x400.jpg 400w, https:\/\/makethemsmilekenya.org\/wp-content\/uploads\/2019\/10\/Anne-150x150.jpg 150w, https:\/\/makethemsmilekenya.org\/wp-content\/uploads\/2019\/10\/Anne-768x768.jpg 768w\" sizes=\"(max-width: 960px) 100vw, 960px\" \/><\/div>\n\t\t<\/figure>\n\t<\/div>\n<\/div><\/div><\/div><\/div>\n","protected":false},"excerpt":{"rendered":"Annes bes\u00f8g i Kenya I Ry ved alle hvem Ditte Engelbrecht er. Vi har alle set billederne af sm\u00e5 s\u00f8de b\u00f8rn i \u201dRy h\u00e5ndbold\u201d tr\u00f8jer, og h\u00f8rt den fantastiske historie om b\u00f8rnehjemmet der er ved at blive bygget i et land langt borte. S\u00e5 naturligvis var jeg nysgerrig for at se projektet og bes\u00f8ge grunden, hvor f\u00f8romtalte b\u00f8rnehjem skal bygges,<div class=\"h10\"><\/div><a class=\"more-link1\" href=\"https:\/\/makethemsmilekenya.org\/da_dk\/blog\/annes-besoeg-i-kenya\/\">Read more<\/a>","protected":false},"author":2,"featured_media":0,"parent":820,"menu_order":0,"comment_status":"closed","ping_status":"closed","template":"","meta":{"_mi_skip_tracking":false},"_links":{"self":[{"href":"https:\/\/makethemsmilekenya.org\/da_dk\/wp-json\/wp\/v2\/pages\/960"}],"collection":[{"href":"https:\/\/makethemsmilekenya.org\/da_dk\/wp-json\/wp\/v2\/pages"}],"about":[{"href":"https:\/\/makethemsmilekenya.org\/da_dk\/wp-json\/wp\/v2\/types\/page"}],"author":[{"embeddable":true,"href":"https:\/\/makethemsmilekenya.org\/da_dk\/wp-json\/wp\/v2\/users\/2"}],"replies":[{"embeddable":true,"href":"https:\/\/makethemsmilekenya.org\/da_dk\/wp-json\/wp\/v2\/comments?post=960"}],"version-history":[{"count":3,"href":"https:\/\/makethemsmilekenya.org\/da_dk\/wp-json\/wp\/v2\/pages\/960\/revisions"}],"predecessor-version":[{"id":967,"href":"https:\/\/makethemsmilekenya.org\/da_dk\/wp-json\/wp\/v2\/pages\/960\/revisions\/967"}],"up":[{"embeddable":true,"href":"https:\/\/makethemsmilekenya.org\/da_dk\/wp-json\/wp\/v2\/pages\/820"}],"wp:attachment":[{"href":"https:\/\/makethemsmilekenya.org\/da_dk\/wp-json\/wp\/v2\/media?parent=960"}],"curies":[{"name":"wp","href":"https:\/\/api.w.org\/{rel}","templated":true}]}}