{"id":84,"date":"2017-06-06T13:11:52","date_gmt":"2017-06-06T11:11:52","guid":{"rendered":"http:\/\/makethemsmilekenya.org\/?page_id=84"},"modified":"2019-04-11T11:50:07","modified_gmt":"2019-04-11T09:50:07","slug":"historie","status":"publish","type":"page","link":"https:\/\/makethemsmilekenya.org\/da_dk\/historie\/","title":{"rendered":"Om os"},"content":{"rendered":"<div class=\"vc_row wpb_row vc_row-fluid\"><div class=\"wpb_column vc_column_container vc_col-sm-12\"><div class=\"vc_column-inner \"><div class=\"wpb_wrapper\"><div class=\"boc_spacing \" style=\"height: 50px\"><\/div><h2 class=\"boc_heading  al_left  \"  style=\"margin-bottom: 20px;margin-top: 0px;color: #333;\"><span>B\u00d8RNEHJEMMET-<strong> MAKE THEM SMILE KENYA<\/strong><\/span><\/h2><\/div><\/div><\/div><\/div><div class=\"vc_row wpb_row vc_row-fluid\"><div class=\"wpb_column vc_column_container vc_col-sm-6\"><div class=\"vc_column-inner \"><div class=\"wpb_wrapper\">\n\t<div class=\"wpb_text_column wpb_content_element \">\n\t\t<div class=\"wpb_wrapper\">\n\t\t\t<p>Make Them Smile Kenyas overordnede m\u00e5l med b\u00f8rnehjemmet er, at udsatte b\u00f8rn inkluderes i det sociale \u00f8konomiske liv p\u00e5 lige fod med andre b\u00f8rn. For p\u00e5 den m\u00e5de at sikre, at de opn\u00e5r adgang til uddannelse, sundhed og andre relevante serviceydelser i lokalsamfundet. P\u00e5 sigt vil b\u00f8rnene herigennem potentielt kunne opn\u00e5 kompetencer og handlemuligheder, der s\u00e6tter dem bedre i stand til at agere aktivt i deres lokalsamfund, blive en del af den lokale beslutningstagen, samt v\u00e6re bedre stillede til at kunne h\u00e5ndh\u00e6ve deres rettigheder.<\/p>\n<p>&nbsp;<\/p>\n<p>Vi har k\u00f8bt en acre jord og hegnet er bygget. Opstart \u00a0af b\u00f8rnehjemmets bygninger bliver i l\u00f8bet af 2019. Der skal bo 10 drenge, og 10 piger p\u00e5 hjemmet, samt to p\u00e6dagoger og en hushj\u00e6lp.<\/p>\n<p>&nbsp;<\/p>\n<p>B\u00f8rnehjemmets placering ligger 30 minutter fra en af de popul\u00e6re strande i Diani Beach og t\u00e6t p\u00e5 \u00a0National parken, Shimba Hills. Vigtigst af alt er, at en lokal skole, kirke og high school kun ligger 2 km fra grunden. Dette g\u00f8r at b\u00f8rnene kan socialiseres med de lokale, hvilket vi ligger stor v\u00e6gt p\u00e5.<\/p>\n\n\t\t<\/div>\n\t<\/div>\n<\/div><\/div><\/div><div class=\"wpb_column vc_column_container vc_col-sm-6\"><div class=\"vc_column-inner \"><div class=\"wpb_wrapper\"><div class=\"grid_holder mfp_gallery  small_spacing\" id=\"img_gallery_f2d3eb8922136d609d7ae823dc222fd5\"><div class=\"col span_1_of_2 info_item isotope_element\">\r\n\t\t\t\t\t\t\t<div class=\"pic \">\t\t\t\r\n\t\t\t\t\t\t\t<a href=\"https:\/\/makethemsmilekenya.org\/wp-content\/uploads\/2017\/06\/IMG_2070-scaled.jpg\" class=\"mfp_popup_gal\" title=\"\">\r\n\t\t\t\t\t\t\t\t<img src=\"https:\/\/makethemsmilekenya.org\/wp-content\/uploads\/2017\/06\/IMG_2070-scaled.jpg\" alt=\"\" \/>\r\n\t\t\t\t\t\t\t\t\r\n\t\t\t\t\t\t\t<\/a>\t<\/div><\/div><div class=\"col span_1_of_2 info_item isotope_element\">\r\n\t\t\t\t\t\t\t<div class=\"pic \">\t\t\t\r\n\t\t\t\t\t\t\t<a href=\"https:\/\/makethemsmilekenya.org\/wp-content\/uploads\/2017\/06\/IMG_1862-scaled.jpg\" class=\"mfp_popup_gal\" title=\"\">\r\n\t\t\t\t\t\t\t\t<img src=\"https:\/\/makethemsmilekenya.org\/wp-content\/uploads\/2017\/06\/IMG_1862-scaled.jpg\" alt=\"\" \/>\r\n\t\t\t\t\t\t\t\t\r\n\t\t\t\t\t\t\t<\/a>\t<\/div><\/div><div class=\"col span_1_of_2 info_item isotope_element\">\r\n\t\t\t\t\t\t\t<div class=\"pic \">\t\t\t\r\n\t\t\t\t\t\t\t<a href=\"https:\/\/makethemsmilekenya.org\/wp-content\/uploads\/2017\/06\/IMG_1853-scaled.jpg\" class=\"mfp_popup_gal\" title=\"\">\r\n\t\t\t\t\t\t\t\t<img src=\"https:\/\/makethemsmilekenya.org\/wp-content\/uploads\/2017\/06\/IMG_1853-scaled.jpg\" alt=\"\" \/>\r\n\t\t\t\t\t\t\t\t\r\n\t\t\t\t\t\t\t<\/a>\t<\/div><\/div><div class=\"col span_1_of_2 info_item isotope_element\">\r\n\t\t\t\t\t\t\t<div class=\"pic \">\t\t\t\r\n\t\t\t\t\t\t\t<a href=\"https:\/\/makethemsmilekenya.org\/wp-content\/uploads\/2017\/06\/IMG_1861-scaled.jpg\" class=\"mfp_popup_gal\" title=\"\">\r\n\t\t\t\t\t\t\t\t<img src=\"https:\/\/makethemsmilekenya.org\/wp-content\/uploads\/2017\/06\/IMG_1861-scaled.jpg\" alt=\"\" \/>\r\n\t\t\t\t\t\t\t\t\r\n\t\t\t\t\t\t\t<\/a>\t<\/div><\/div><\/div><\/div><\/div><\/div><\/div>\n","protected":false},"excerpt":{"rendered":"B\u00d8RNEHJEMMET- MAKE THEM SMILE KENYA Make Them Smile Kenyas overordnede m\u00e5l med b\u00f8rnehjemmet er, at udsatte b\u00f8rn inkluderes i det sociale \u00f8konomiske liv p\u00e5 lige fod med andre b\u00f8rn. For p\u00e5 den m\u00e5de at sikre, at de opn\u00e5r adgang til uddannelse, sundhed og andre relevante serviceydelser i lokalsamfundet. P\u00e5 sigt vil b\u00f8rnene herigennem potentielt kunne opn\u00e5 kompetencer og handlemuligheder, der<div class=\"h10\"><\/div><a class=\"more-link1\" href=\"https:\/\/makethemsmilekenya.org\/da_dk\/historie\/\">Read more<\/a>","protected":false},"author":1,"featured_media":0,"parent":0,"menu_order":0,"comment_status":"closed","ping_status":"closed","template":"","meta":{"_mi_skip_tracking":false},"_links":{"self":[{"href":"https:\/\/makethemsmilekenya.org\/da_dk\/wp-json\/wp\/v2\/pages\/84"}],"collection":[{"href":"https:\/\/makethemsmilekenya.org\/da_dk\/wp-json\/wp\/v2\/pages"}],"about":[{"href":"https:\/\/makethemsmilekenya.org\/da_dk\/wp-json\/wp\/v2\/types\/page"}],"author":[{"embeddable":true,"href":"https:\/\/makethemsmilekenya.org\/da_dk\/wp-json\/wp\/v2\/users\/1"}],"replies":[{"embeddable":true,"href":"https:\/\/makethemsmilekenya.org\/da_dk\/wp-json\/wp\/v2\/comments?post=84"}],"version-history":[{"count":13,"href":"https:\/\/makethemsmilekenya.org\/da_dk\/wp-json\/wp\/v2\/pages\/84\/revisions"}],"predecessor-version":[{"id":871,"href":"https:\/\/makethemsmilekenya.org\/da_dk\/wp-json\/wp\/v2\/pages\/84\/revisions\/871"}],"wp:attachment":[{"href":"https:\/\/makethemsmilekenya.org\/da_dk\/wp-json\/wp\/v2\/media?parent=84"}],"curies":[{"name":"wp","href":"https:\/\/api.w.org\/{rel}","templated":true}]}}