{"id":788,"date":"2018-11-26T18:03:12","date_gmt":"2018-11-26T17:03:12","guid":{"rendered":"http:\/\/makethemsmilekenya.org\/?page_id=788"},"modified":"2020-07-10T18:16:06","modified_gmt":"2020-07-10T16:16:06","slug":"tidslinje","status":"publish","type":"page","link":"https:\/\/makethemsmilekenya.org\/da_dk\/tidslinje\/","title":{"rendered":"Tidslinje"},"content":{"rendered":"<div class=\"vc_row wpb_row vc_row-fluid\"><div class=\"wpb_column vc_column_container vc_col-sm-12\"><div class=\"vc_column-inner \"><div class=\"wpb_wrapper\"><div class=\"boc_spacing \" style=\"height: 20px\"><\/div><h2 class=\"boc_heading  al_left  \"  style=\"margin-bottom: 20px;margin-top: 0px;color: #333;\"><span><strong>Tidslinje<\/strong><\/span><\/h2><\/div><\/div><\/div><\/div><div class=\"vc_row wpb_row vc_row-fluid\"><div class=\"wpb_column vc_column_container vc_col-sm-6\"><div class=\"vc_column-inner \"><div class=\"wpb_wrapper\">\n\t<div class=\"wpb_text_column wpb_content_element \">\n\t\t<div class=\"wpb_wrapper\">\n\t\t\t<h3>P\u00e5begyndt byggeri<\/h3>\n<p>Byggeriet er godt i gang. Naboerne samt folk fra den lokale storby arbejder p\u00e5 h\u00f8jtryk, for at f\u00e5 hjemmet stablet p\u00e5 benene. Det er vigtigt, at vi f\u00e5r s\u00e5 mange som muligt engageret i byggeriet, og dette g\u00e6lder selvf\u00f8lgelig ogs\u00e5 kvinderne. Det er dem, der henter vand fra vores br\u00f8nd , s\u00e5 m\u00e6ndene kan bruge det i byggeriet og kan tage sig en t\u00e5r vand. De arbejder i 30 graders varme fra kl. 8 om morgenen, og indtil det bliver m\u00f8rkt omkring klokken 19.00. Mombasa er et fattigt omr\u00e5de, s\u00e5 for at sikre, at byggematerialerne ikke bliver stj\u00e5let, har vi opf\u00f8rt et lille hus, hvor der bor to m\u00e6nd. De fungerer som vores sikkerhedsm\u00e6nd, til byggeriet er f\u00e6rdigt.<\/p>\n\n\t\t<\/div>\n\t<\/div>\n<\/div><\/div><\/div><div class=\"wpb_column vc_column_container vc_col-sm-6\"><div class=\"vc_column-inner \"><div class=\"wpb_wrapper\">\n\t<div class=\"wpb_single_image wpb_content_element vc_align_left\">\n\t\t\n\t\t<figure class=\"wpb_wrapper vc_figure\">\n\t\t\t<div class=\"vc_single_image-wrapper   vc_box_border_grey\"><img width=\"960\" height=\"720\" src=\"https:\/\/makethemsmilekenya.org\/wp-content\/uploads\/2019\/11\/74163958_10219535342276326_2146478329299992576_n.jpg\" class=\"vc_single_image-img attachment-full\" alt=\"\" decoding=\"async\" loading=\"lazy\" srcset=\"https:\/\/makethemsmilekenya.org\/wp-content\/uploads\/2019\/11\/74163958_10219535342276326_2146478329299992576_n.jpg 960w, https:\/\/makethemsmilekenya.org\/wp-content\/uploads\/2019\/11\/74163958_10219535342276326_2146478329299992576_n-400x300.jpg 400w, https:\/\/makethemsmilekenya.org\/wp-content\/uploads\/2019\/11\/74163958_10219535342276326_2146478329299992576_n-300x225.jpg 300w, https:\/\/makethemsmilekenya.org\/wp-content\/uploads\/2019\/11\/74163958_10219535342276326_2146478329299992576_n-768x576.jpg 768w\" sizes=\"(max-width: 960px) 100vw, 960px\" \/><\/div>\n\t\t<\/figure>\n\t<\/div>\n<\/div><\/div><\/div><\/div><div class=\"vc_row wpb_row vc_row-fluid\"><div class=\"wpb_column vc_column_container vc_col-sm-6\"><div class=\"vc_column-inner \"><div class=\"wpb_wrapper\">\n\t<div class=\"wpb_single_image wpb_content_element vc_align_left\">\n\t\t\n\t\t<figure class=\"wpb_wrapper vc_figure\">\n\t\t\t<div class=\"vc_single_image-wrapper   vc_box_border_grey\"><img width=\"1024\" height=\"768\" src=\"https:\/\/makethemsmilekenya.org\/wp-content\/uploads\/2019\/04\/54257426_2759799137383306_2357158466717483008_o.jpg\" class=\"vc_single_image-img attachment-full\" alt=\"\" decoding=\"async\" loading=\"lazy\" srcset=\"https:\/\/makethemsmilekenya.org\/wp-content\/uploads\/2019\/04\/54257426_2759799137383306_2357158466717483008_o.jpg 1024w, https:\/\/makethemsmilekenya.org\/wp-content\/uploads\/2019\/04\/54257426_2759799137383306_2357158466717483008_o-400x300.jpg 400w, https:\/\/makethemsmilekenya.org\/wp-content\/uploads\/2019\/04\/54257426_2759799137383306_2357158466717483008_o-300x225.jpg 300w, https:\/\/makethemsmilekenya.org\/wp-content\/uploads\/2019\/04\/54257426_2759799137383306_2357158466717483008_o-768x576.jpg 768w\" sizes=\"(max-width: 1024px) 100vw, 1024px\" \/><\/div>\n\t\t<\/figure>\n\t<\/div>\n<\/div><\/div><\/div><div class=\"wpb_column vc_column_container vc_col-sm-6\"><div class=\"vc_column-inner \"><div class=\"wpb_wrapper\">\n\t<div class=\"wpb_text_column wpb_content_element \">\n\t\t<div class=\"wpb_wrapper\">\n\t\t\t<h3>Mur<\/h3>\n<p>F\u00f8r vi kan starte med at bygge huset skulle der bygges en mur. Det skal der s\u00e5 sikkerheden er i orden, og s\u00e5 alle rammer er p\u00e5 plads inden b\u00f8rnene flytter ind. Sikkerhed frem for alt!<br \/>\nMuren er det der til dagens dato har kostet os mest, og det var f\u00f8rste gang Make Them Smile Kenya skulle til at forhandle om st\u00f8rre bel\u00f8b. Vi havde vores f\u00f8rste frivillige med &#8211; Lasse, som er murermester. Han er en k\u00e6mpe gevinst for handlen og processen med muren og generelt for MTSK. Muren tog ca en m\u00e5ned at lave og endnu en gang fik vi \u00e6ren af, at tilbyde vores k\u00e6re naboer noget arbejde. Dejlig som vi kan hj\u00e6lpe hinanden!<\/p>\n\n\t\t<\/div>\n\t<\/div>\n<\/div><\/div><\/div><\/div><div class=\"vc_row wpb_row vc_row-fluid\"><div class=\"wpb_column vc_column_container vc_col-sm-6\"><div class=\"vc_column-inner \"><div class=\"wpb_wrapper\">\n\t<div class=\"wpb_text_column wpb_content_element \">\n\t\t<div class=\"wpb_wrapper\">\n\t\t\t<h3>Br\u00f8nd<\/h3>\n<p>F\u00f8r vi kunne begynde at bygge, skulle vi have vand ud p\u00e5 grunden. Inden br\u00f8nden kom, skulle naboerne g\u00e5 3 km for at hente vand til mad, s\u00e5 de kunne bade og til at slukke t\u00f8rsten. Vi fik fat i en landinspekt\u00f8r, som unders\u00f8gte, hvor langt vi var fra undergrunden. Det viste sig, at vi skulle 24 meter ned f\u00f8r, vi kunne f\u00e5 vand.<\/p>\n<p>Det kan til tider blive meget t\u00f8rt i Mombasa, og derfor var det MEGET vigtigt, vi kom langt nok ned. Vi fik en god aftale og skulle nu til at bygge p\u00e5 grunden. Dette ville v\u00e6re noget som ogs\u00e5 gavner naboerne, hvilket betyder meget for os!<\/p>\n<p>Naboerne hj\u00e6lper os meget i mange forskellige sammenh\u00e6nge. Fx laver vores nabokvinde middagsmad til arbejderne og andre naboer holder \u00f8je med materialerne og s\u00f8rger for, de er i trygge h\u00e6nder.<\/p>\n<p>Grunden er blevet samlingspunktet.<\/p>\n\n\t\t<\/div>\n\t<\/div>\n<\/div><\/div><\/div><div class=\"wpb_column vc_column_container vc_col-sm-6\"><div class=\"vc_column-inner \"><div class=\"wpb_wrapper\">\n\t<div class=\"wpb_single_image wpb_content_element vc_align_left\">\n\t\t\n\t\t<figure class=\"wpb_wrapper vc_figure\">\n\t\t\t<div class=\"vc_single_image-wrapper   vc_box_border_grey\"><img width=\"1932\" height=\"1449\" src=\"https:\/\/makethemsmilekenya.org\/wp-content\/uploads\/2019\/04\/50589051_2291138277785065_1635458666540826624_o.jpg\" class=\"vc_single_image-img attachment-full\" alt=\"\" decoding=\"async\" loading=\"lazy\" srcset=\"https:\/\/makethemsmilekenya.org\/wp-content\/uploads\/2019\/04\/50589051_2291138277785065_1635458666540826624_o.jpg 1932w, https:\/\/makethemsmilekenya.org\/wp-content\/uploads\/2019\/04\/50589051_2291138277785065_1635458666540826624_o-400x300.jpg 400w, https:\/\/makethemsmilekenya.org\/wp-content\/uploads\/2019\/04\/50589051_2291138277785065_1635458666540826624_o-300x225.jpg 300w, https:\/\/makethemsmilekenya.org\/wp-content\/uploads\/2019\/04\/50589051_2291138277785065_1635458666540826624_o-768x576.jpg 768w, https:\/\/makethemsmilekenya.org\/wp-content\/uploads\/2019\/04\/50589051_2291138277785065_1635458666540826624_o-1024x768.jpg 1024w\" sizes=\"(max-width: 1932px) 100vw, 1932px\" \/><\/div>\n\t\t<\/figure>\n\t<\/div>\n<\/div><\/div><\/div><\/div><div class=\"vc_row wpb_row vc_row-fluid\"><div class=\"wpb_column vc_column_container vc_col-sm-6\"><div class=\"vc_column-inner \"><div class=\"wpb_wrapper\">\n\t<div class=\"wpb_single_image wpb_content_element vc_align_left\">\n\t\t\n\t\t<figure class=\"wpb_wrapper vc_figure\">\n\t\t\t<div class=\"vc_single_image-wrapper   vc_box_border_grey\"><img width=\"2048\" height=\"1536\" src=\"https:\/\/makethemsmilekenya.org\/wp-content\/uploads\/2020\/07\/u.png\" class=\"vc_single_image-img attachment-full\" alt=\"\" decoding=\"async\" loading=\"lazy\" srcset=\"https:\/\/makethemsmilekenya.org\/wp-content\/uploads\/2020\/07\/u.png 2048w, https:\/\/makethemsmilekenya.org\/wp-content\/uploads\/2020\/07\/u-400x300.png 400w, https:\/\/makethemsmilekenya.org\/wp-content\/uploads\/2020\/07\/u-300x225.png 300w, https:\/\/makethemsmilekenya.org\/wp-content\/uploads\/2020\/07\/u-1024x768.png 1024w, https:\/\/makethemsmilekenya.org\/wp-content\/uploads\/2020\/07\/u-768x576.png 768w, https:\/\/makethemsmilekenya.org\/wp-content\/uploads\/2020\/07\/u-1536x1152.png 1536w\" sizes=\"(max-width: 2048px) 100vw, 2048px\" \/><\/div>\n\t\t<\/figure>\n\t<\/div>\n<\/div><\/div><\/div><div class=\"wpb_column vc_column_container vc_col-sm-6\"><div class=\"vc_column-inner \"><div class=\"wpb_wrapper\">\n\t<div class=\"wpb_text_column wpb_content_element \">\n\t\t<div class=\"wpb_wrapper\">\n\t\t\t<h3>Hegn<\/h3>\n<p>I Kenya er det meget normalt, at man hegner sin grund ind lige efter, den er k\u00f8bt. Grunden til det er, at hvis naboen vil s\u00e6lge sin grund, og der er tvivl om, hvor grunden g\u00e5r til, s\u00e5 er det lettere at arbejde med, hvis man har v\u00e6ret klar over det fra starten af.<\/p>\n<p>Derfor valgte vi ogs\u00e5 f\u00e5 uger efter k\u00f8bet at hegne grunden ind. Vi unders\u00f8gte hvilke former for hegn, der ville v\u00e6re det bedste i det klima, som vi er i. Dette blev gjort ved at tale med de lokale i omr\u00e5det og h\u00f8re, hvad de selv har gjort, og hvad deres oplevelse med det har v\u00e6ret.<\/p>\n<p>Det er meget vigtigt for os, at vi unders\u00f8ger alt ned til mindste detalje, inden vi g\u00f8r noget. Derudover betyder det ogs\u00e5 meget, at vi for vores naboer og andre lokale inkluderet. P\u00e5 den m\u00e5de kan vi tilbyde arbejde, og nabob\u00f8rnene kan komme i skole.<\/p>\n<p>Efter der blev taget beslutning om hvilket hegn og hvilket materialer, der skulle bruges, skulle der k\u00f8bes ind. Ditte og hendes to gode venner, Grace og Andy, unders\u00f8gte forskellige tilbud. En uge senere havde de indg\u00e5et en aftale, og materialerne skulle ud p\u00e5 grunden.<\/p>\n<p>Dette var f\u00f8rste gang, der blev arbejdet p\u00e5 grunden. Det var meget stort og meget specielt at se lastbiler k\u00f8re hen til den grund, som endelig tilh\u00f8rte Make Them Smile Kenya.<\/p>\n\n\t\t<\/div>\n\t<\/div>\n<\/div><\/div><\/div><\/div><div class=\"vc_row wpb_row vc_row-fluid\"><div class=\"wpb_column vc_column_container vc_col-sm-6\"><div class=\"vc_column-inner \"><div class=\"wpb_wrapper\">\n\t<div class=\"wpb_text_column wpb_content_element \">\n\t\t<div class=\"wpb_wrapper\">\n\t\t\t<h3>Sk\u00f8det<\/h3>\n<p>Juli 2017 flyttede jeg til Kenya efter endt uddannelse. Der var g\u00e5et mange tanker gennem mit hoved. K\u00f8bsaftalen var endnu ikke i hus p\u00e5 dette tidspunkt.<\/p>\n<p>Det var nu 10 m\u00e5neder siden, den var blevet underskrevet, og Kenya time (betegnelse for at ting tager lang tid) havde fyldt meget.<\/p>\n<p>Grunden skulle unders\u00f8ges for, at det ikke var &#8220;goverment land&#8221;. Det vil sige, at grunden kunne have v\u00e6ret ejet af regeringen, og at der kunne v\u00e6re mineraler, som kunne bruges til god forretning. Efter lang tids venten og en del bekymringer, fik vi endelig sk\u00f8det.<\/p>\n\n\t\t<\/div>\n\t<\/div>\n<\/div><\/div><\/div><div class=\"wpb_column vc_column_container vc_col-sm-6\"><div class=\"vc_column-inner \"><div class=\"wpb_wrapper\">\n\t<div class=\"wpb_single_image wpb_content_element vc_align_left\">\n\t\t\n\t\t<figure class=\"wpb_wrapper vc_figure\">\n\t\t\t<div class=\"vc_single_image-wrapper   vc_box_border_grey\"><img width=\"928\" height=\"759\" src=\"https:\/\/makethemsmilekenya.org\/wp-content\/uploads\/2017\/09\/titel_deed.jpg\" class=\"vc_single_image-img attachment-full\" alt=\"\" decoding=\"async\" loading=\"lazy\" srcset=\"https:\/\/makethemsmilekenya.org\/wp-content\/uploads\/2017\/09\/titel_deed.jpg 928w, https:\/\/makethemsmilekenya.org\/wp-content\/uploads\/2017\/09\/titel_deed-400x327.jpg 400w, https:\/\/makethemsmilekenya.org\/wp-content\/uploads\/2017\/09\/titel_deed-300x245.jpg 300w, https:\/\/makethemsmilekenya.org\/wp-content\/uploads\/2017\/09\/titel_deed-768x628.jpg 768w\" sizes=\"(max-width: 928px) 100vw, 928px\" \/><\/div>\n\t\t<\/figure>\n\t<\/div>\n<\/div><\/div><\/div><\/div><div class=\"vc_row wpb_row vc_row-fluid\"><div class=\"wpb_column vc_column_container vc_col-sm-6\"><div class=\"vc_column-inner \"><div class=\"wpb_wrapper\">\n\t<div class=\"wpb_single_image wpb_content_element vc_align_left\">\n\t\t\n\t\t<figure class=\"wpb_wrapper vc_figure\">\n\t\t\t<div class=\"vc_single_image-wrapper   vc_box_border_grey\"><img width=\"640\" height=\"417\" src=\"https:\/\/makethemsmilekenya.org\/wp-content\/uploads\/2017\/09\/18742071_10212181117265297_1287219809_n.jpg\" class=\"vc_single_image-img attachment-full\" alt=\"\" decoding=\"async\" loading=\"lazy\" srcset=\"https:\/\/makethemsmilekenya.org\/wp-content\/uploads\/2017\/09\/18742071_10212181117265297_1287219809_n.jpg 640w, https:\/\/makethemsmilekenya.org\/wp-content\/uploads\/2017\/09\/18742071_10212181117265297_1287219809_n-400x261.jpg 400w, https:\/\/makethemsmilekenya.org\/wp-content\/uploads\/2017\/09\/18742071_10212181117265297_1287219809_n-300x195.jpg 300w\" sizes=\"(max-width: 640px) 100vw, 640px\" \/><\/div>\n\t\t<\/figure>\n\t<\/div>\n<\/div><\/div><\/div><div class=\"wpb_column vc_column_container vc_col-sm-6\"><div class=\"vc_column-inner \"><div class=\"wpb_wrapper\">\n\t<div class=\"wpb_text_column wpb_content_element \">\n\t\t<div class=\"wpb_wrapper\">\n\t\t\t<h3>Dannelse af bestyrelsen<\/h3>\n<p>Jeg underskrev k\u00f8bsaftalen i Danmark. Med hj\u00e6lp fra en notar blev k\u00f8bsaftalen underskrevet og sendt til advokaten i Mombasa. Nu begyndte ventetiden p\u00e5 at f\u00e5 aftalen godkendt, og i \u2019Kenya time\u2019 bet\u00f8d det, at jeg kunne n\u00e5 at g\u00f8re min uddannelse f\u00e6rdig, tjene lidt penge p\u00e5 at g\u00f8re DSB\u2019s toge rene og starte organisationen Make Them Smile Kenya.<\/p>\n<p>Endnu engang var jeg ude i noget, jeg aldrig havde pr\u00f8vet f\u00f8r, men i juni 2017 lykkedes det mig med hj\u00e6lp fra venner og bekendte at etablere en bestyrelse.<\/p>\n<p>I forbindelse med den stiftende generalforsamling fik jeg ogs\u00e5 styr p\u00e5 ans\u00f8gninger og vedt\u00e6gter og fik oprettet en hjemmeside \u2013 hertil en s\u00e6rlig tak til lynglund.dk for donnere dom\u00e6net.<\/p>\n<p>I det hele taget har mange mennesker vist interesse for projektet, og bestyrelsen og jeg er meget taknemmelige for al den opbakning og hj\u00e6lp vi har modtaget!<\/p>\n<p>Det var en vild l\u00e6ringsproces, jeg ikke ville have v\u00e6ret foruden, men jeg var jo kun begyndt p\u00e5 de indledende faser til at bygge b\u00f8rnehjemmet \u2013 men efter 10 m\u00e5neder var k\u00f8bsaftalen stadig ikke godkendt.<\/p>\n\n\t\t<\/div>\n\t<\/div>\n<\/div><\/div><\/div><\/div><div class=\"vc_row wpb_row vc_row-fluid\"><div class=\"wpb_column vc_column_container vc_col-sm-6\"><div class=\"vc_column-inner \"><div class=\"wpb_wrapper\">\n\t<div class=\"wpb_text_column wpb_content_element \">\n\t\t<div class=\"wpb_wrapper\">\n\t\t\t<h3>K\u00f8bsaftale<\/h3>\n<p>Jeg (Ditte) rejste til Kenya i August 2016 for, at kigge p\u00e5 en grund. Inden afrejse havde jeg unders\u00f8gt mine kontakter, da jeg t\u00e6nkte, det kunne blive noget kompliceret og ikke selv har erfaring med k\u00f8b af grund. Jeg havde mine bekymringer, men blev n\u00f8dt til at v\u00e6re optimist. For hvis ikke jeg troede p\u00e5 det, hvem skulle s\u00e5?<\/p>\n<p>Jeg havde f\u00e5et kontakt til nogle, der havde en grund til salg oppe i det nordlige Kenya. Min st\u00f8rste bekymring var, hvordan jeg vidste, dette var den rigtige grund. Men som s\u00e5 mange gange f\u00f8r, t\u00e6nkte jeg, at mavefornemmelsen m\u00e5tte v\u00e6re svaret. Grundene i det nordlige Kenya var ikke den st\u00f8rrelse, som jeg \u00f8nskede, og de var alle meget uj\u00e6vne.<\/p>\n<p>Jeg tog tilbage til Nairobi og havde egentlig t\u00e6nkt, at det nok ikke blev denne gang, jeg ville finde en grund. Kort efter ankomsten til Nairobi blev jeg kontaktet ang. grund i Mombasa. Der var 3 mulige grunde, s\u00e5 jeg rejste nu til Mombasa.<\/p>\n<p>Mombasa ses som kenyanernes paradis, hvilket havde gjort, at jeg ikke havde troet, det kunne blive der, da det kunne v\u00e6re meget dyrt. Det kunne ellers have v\u00e6ret perfekt, s\u00e5 derfor skulle det have et fors\u00f8g. Endelig fandt hun grunden, det skulle v\u00e6re. Herefter m\u00f8dte jeg ejerne til grunden og indgik k\u00f8bsaftalen.<\/p>\n\n\t\t<\/div>\n\t<\/div>\n<\/div><\/div><\/div><div class=\"wpb_column vc_column_container vc_col-sm-6\"><div class=\"vc_column-inner \"><div class=\"wpb_wrapper\">\n\t<div class=\"wpb_single_image wpb_content_element vc_align_left\">\n\t\t\n\t\t<figure class=\"wpb_wrapper vc_figure\">\n\t\t\t<div class=\"vc_single_image-wrapper   vc_box_border_grey\"><img width=\"2560\" height=\"1707\" src=\"https:\/\/makethemsmilekenya.org\/wp-content\/uploads\/2017\/09\/DSC_0755-scaled.jpg\" class=\"vc_single_image-img attachment-full\" alt=\"\" decoding=\"async\" loading=\"lazy\" srcset=\"https:\/\/makethemsmilekenya.org\/wp-content\/uploads\/2017\/09\/DSC_0755-scaled.jpg 2560w, https:\/\/makethemsmilekenya.org\/wp-content\/uploads\/2017\/09\/DSC_0755-scaled-400x267.jpg 400w, https:\/\/makethemsmilekenya.org\/wp-content\/uploads\/2017\/09\/DSC_0755-300x200.jpg 300w, https:\/\/makethemsmilekenya.org\/wp-content\/uploads\/2017\/09\/DSC_0755-768x512.jpg 768w, https:\/\/makethemsmilekenya.org\/wp-content\/uploads\/2017\/09\/DSC_0755-1024x683.jpg 1024w\" sizes=\"(max-width: 2560px) 100vw, 2560px\" \/><\/div>\n\t\t<\/figure>\n\t<\/div>\n<\/div><\/div><\/div><div class=\"wpb_column vc_column_container vc_col-sm-12\"><div class=\"vc_column-inner \"><div class=\"wpb_wrapper\"><\/div><\/div><\/div><\/div><div class=\"vc_row wpb_row vc_row-fluid\"><div class=\"wpb_column vc_column_container vc_col-sm-6\"><div class=\"vc_column-inner \"><div class=\"wpb_wrapper\">\n\t<div class=\"wpb_single_image wpb_content_element vc_align_left\">\n\t\t\n\t\t<figure class=\"wpb_wrapper vc_figure\">\n\t\t\t<div class=\"vc_single_image-wrapper   vc_box_border_grey\"><img width=\"640\" height=\"478\" src=\"https:\/\/makethemsmilekenya.org\/wp-content\/uploads\/2017\/06\/16113906_10210868429528924_4706237271622935630_n1.jpg\" class=\"vc_single_image-img attachment-full\" alt=\"\" decoding=\"async\" loading=\"lazy\" srcset=\"https:\/\/makethemsmilekenya.org\/wp-content\/uploads\/2017\/06\/16113906_10210868429528924_4706237271622935630_n1.jpg 640w, https:\/\/makethemsmilekenya.org\/wp-content\/uploads\/2017\/06\/16113906_10210868429528924_4706237271622935630_n1-400x299.jpg 400w, https:\/\/makethemsmilekenya.org\/wp-content\/uploads\/2017\/06\/16113906_10210868429528924_4706237271622935630_n1-300x224.jpg 300w\" sizes=\"(max-width: 640px) 100vw, 640px\" \/><\/div>\n\t\t<\/figure>\n\t<\/div>\n<\/div><\/div><\/div><div class=\"wpb_column vc_column_container vc_col-sm-6\"><div class=\"vc_column-inner \"><div class=\"wpb_wrapper\">\n\t<div class=\"wpb_text_column wpb_content_element \">\n\t\t<div class=\"wpb_wrapper\">\n\t\t\t<h3>Ditte rejser til Kenya<\/h3>\n<p>Make Them Smile Kenya er startet af danske Ditte Engelbrecht S\u00f8rensen, som er f\u00f8dt og\u00a0opvokset i Ry i \u00d8stjylland.<\/p>\n<p><strong>I 2014 rejste hun til Kenya<\/strong>\u00a0via organisationen ICYE (International Culture Youth Exchange) for at arbejde et \u00e5r som frivillig p\u00e5 et b\u00f8rnehjem for for\u00e6ldrel\u00f8se. Opholdet satte dybe spor, og Ditte blev klar over, at hun ikke kunne sige farvel til Kenya og gadeb\u00f8rnene. Hun vidste, at det, som b\u00f8rnene manglede allermest, var et hjem med trygge rammer og omsorg, og dette kunne hun ikke skabe hjemme fra Danmark. Dette blev s\u00e5ledes startskuddet til Dittes nye hjem i Kenya og projektet \u201cMake Them Smile Kenya\u201d, som er et b\u00f8rnehjem, der skal sikre, at for\u00e6ldrel\u00f8se gadeb\u00f8rn opn\u00e5r adgang til uddannelse, sundhed og andre relevante serviceydelser.<\/p>\n<p><strong>Hjemme i Ry<\/strong>\u00a0var der fra dag \u00e9t stor opm\u00e6rksomhed omkring Dittes engagement i Kenya.\u00a0 Der blev i lokalsamfundet iv\u00e6rksat indsamling af sportst\u00f8j, penge, leget\u00f8j samt andet, som kommer b\u00f8rnene til gavn. Igennem hj\u00e6lp fra b\u00f8rn p\u00e5 M\u00f8lleskolen, Ry hallerne, lokale virksomheder, Lions Club Ry og mange andre, kom der stort fokus p\u00e5 projektet, og den dag i dag henvender stadig mange af byens borgere sig til Ditte, for at st\u00f8tte og dermed g\u00f8re en forskel for projektet.<\/p>\n<div class=\"vc_row wpb_row vc_row-fluid\">\n<div class=\"wpb_column vc_column_container vc_col-sm-12\">\n<div class=\"vc_column-inner \">\n<div class=\"wpb_wrapper\">\n<div class=\"wpb_text_column wpb_content_element \">\n<div class=\"wpb_wrapper\">\n<p><strong>Ditte har de sidste par \u00e5r<\/strong>, med hj\u00e6lp fra andre frivillige, gjort meget for at synligg\u00f8re projektet. Hun har afholdt foredrag for blandt andet Lions Clubber, Rotary Clubber, Ys men og mange andre, hvilket har resulteret i donationer, som har muliggjort k\u00f8bet af grunden i Mombasa \u2013 Kwale, hvor b\u00f8rnehjemmet skal opf\u00f8res. Derudover er der nu bygget en br\u00f8nd p\u00e5 grunden, s\u00e5 de lokale ikke l\u00e6ngere skal g\u00e5 tre kilometer for at hente vand til madlavning, bad osv. I august 2019 startede vi bygggeriet af selve b\u00f8rnehjemmet.<\/p>\n<\/div>\n<\/div>\n<\/div>\n<\/div>\n<\/div>\n<\/div>\n\n\t\t<\/div>\n\t<\/div>\n<\/div><\/div><\/div><\/div>\n","protected":false},"excerpt":{"rendered":"Tidslinje P\u00e5begyndt byggeri Byggeriet er godt i gang. Naboerne samt folk fra den lokale storby arbejder p\u00e5 h\u00f8jtryk, for at f\u00e5 hjemmet stablet p\u00e5 benene. Det er vigtigt, at vi f\u00e5r s\u00e5 mange som muligt engageret i byggeriet, og dette g\u00e6lder selvf\u00f8lgelig ogs\u00e5 kvinderne. Det er dem, der henter vand fra vores br\u00f8nd , s\u00e5 m\u00e6ndene kan bruge det i<div class=\"h10\"><\/div><a class=\"more-link1\" href=\"https:\/\/makethemsmilekenya.org\/da_dk\/tidslinje\/\">Read more<\/a>","protected":false},"author":2,"featured_media":0,"parent":0,"menu_order":0,"comment_status":"closed","ping_status":"closed","template":"","meta":{"_mi_skip_tracking":false},"_links":{"self":[{"href":"https:\/\/makethemsmilekenya.org\/da_dk\/wp-json\/wp\/v2\/pages\/788"}],"collection":[{"href":"https:\/\/makethemsmilekenya.org\/da_dk\/wp-json\/wp\/v2\/pages"}],"about":[{"href":"https:\/\/makethemsmilekenya.org\/da_dk\/wp-json\/wp\/v2\/types\/page"}],"author":[{"embeddable":true,"href":"https:\/\/makethemsmilekenya.org\/da_dk\/wp-json\/wp\/v2\/users\/2"}],"replies":[{"embeddable":true,"href":"https:\/\/makethemsmilekenya.org\/da_dk\/wp-json\/wp\/v2\/comments?post=788"}],"version-history":[{"count":18,"href":"https:\/\/makethemsmilekenya.org\/da_dk\/wp-json\/wp\/v2\/pages\/788\/revisions"}],"predecessor-version":[{"id":1668,"href":"https:\/\/makethemsmilekenya.org\/da_dk\/wp-json\/wp\/v2\/pages\/788\/revisions\/1668"}],"wp:attachment":[{"href":"https:\/\/makethemsmilekenya.org\/da_dk\/wp-json\/wp\/v2\/media?parent=788"}],"curies":[{"name":"wp","href":"https:\/\/api.w.org\/{rel}","templated":true}]}}