{"id":399,"date":"2017-09-19T12:32:00","date_gmt":"2017-09-19T10:32:00","guid":{"rendered":"http:\/\/makethemsmilekenya.org\/?page_id=399"},"modified":"2019-11-02T21:04:52","modified_gmt":"2019-11-02T20:04:52","slug":"artikel-i-midtjyllandsavis","status":"publish","type":"page","link":"https:\/\/makethemsmilekenya.org\/da_dk\/historie-2\/artikel-i-midtjyllandsavis\/","title":{"rendered":"Artikel i MidtjyllandsAvis"},"content":{"rendered":"<div class=\"vc_row wpb_row vc_row-fluid\"><div class=\"wpb_column vc_column_container vc_col-sm-12\"><div class=\"vc_column-inner \"><div class=\"wpb_wrapper\"><div class=\"boc_spacing \" style=\"height: 50px\"><\/div><h2 class=\"boc_heading  al_left  \"  style=\"margin-bottom: 20px;margin-top: 0px;color: #333;\"><span><strong>Midtjyllands Avis<\/strong><\/span><\/h2><\/div><\/div><\/div><\/div><div class=\"vc_row wpb_row vc_row-fluid\"><div class=\"wpb_column vc_column_container vc_col-sm-6\"><div class=\"vc_column-inner \"><div class=\"wpb_wrapper\">\n\t<div class=\"wpb_text_column wpb_content_element \">\n\t\t<div class=\"wpb_wrapper\">\n\t\t\t<p>&#8220;Mange unge mennesker dr\u00f8mmer om at rejse og se verden, men det er alligevel de f\u00e6rreste, der dr\u00f8mmer om at flytte til Kenya og \u00e5bne et b\u00f8rnehjem for gadeb\u00f8rn. Og oven i k\u00f8bet g\u00f8r noget ved det. Ditte Engelbrecht S\u00f8rensen fra Ry har p\u00e5 kort tid indsamlet knap 100.000 kroner til form\u00e5let, og tager til august til Mombasa, hvor der forh\u00e5bentlig allerede n\u00e6ste \u00e5r kan opf\u00f8res et b\u00f8rnehjem &#8211; i f\u00f8rste omgang for fem, og p\u00e5 sigt helt op til 20 for\u00e6ldrel\u00f8se b\u00f8rn.<\/p>\n<p>Ditte Engelbrecht S\u00f8rensen har allerede et t\u00e6t forhold til Kenya, og masser af erfaringer med at tage sig af gadeb\u00f8rn.&#8221;<\/p>\n<p><em>Uddrag fra Midtjyllands Avis den 11 marts 2017<\/em><\/p>\n\n\t\t<\/div>\n\t<\/div>\n<a\thref=\"http:\/\/makethemsmilekenya.org\/wp-content\/uploads\/2017\/09\/2017-03-11_Midtjyllands_Avis_11-03_-_2017_print.pdf\" \n\t\t\tclass=\"button btn_medium btn_theme_color btn_rounded btn_normal_style    \"  target='_blank'><span>Midtjyllands Avis 11 marts 2017<\/span><\/a><\/div><\/div><\/div><div class=\"wpb_column vc_column_container vc_col-sm-6\"><div class=\"vc_column-inner \"><div class=\"wpb_wrapper\">\n\t<div class=\"wpb_single_image wpb_content_element vc_align_left\">\n\t\t\n\t\t<figure class=\"wpb_wrapper vc_figure\">\n\t\t\t<div class=\"vc_single_image-wrapper   vc_box_border_grey\"><img width=\"623\" height=\"383\" src=\"https:\/\/makethemsmilekenya.org\/wp-content\/uploads\/2017\/09\/ditte_midtjyllandsavis.jpg\" class=\"vc_single_image-img attachment-full\" alt=\"\" decoding=\"async\" loading=\"lazy\" srcset=\"https:\/\/makethemsmilekenya.org\/wp-content\/uploads\/2017\/09\/ditte_midtjyllandsavis.jpg 623w, https:\/\/makethemsmilekenya.org\/wp-content\/uploads\/2017\/09\/ditte_midtjyllandsavis-400x246.jpg 400w, https:\/\/makethemsmilekenya.org\/wp-content\/uploads\/2017\/09\/ditte_midtjyllandsavis-300x184.jpg 300w\" sizes=\"(max-width: 623px) 100vw, 623px\" \/><\/div>\n\t\t<\/figure>\n\t<\/div>\n<\/div><\/div><\/div><\/div>\n","protected":false},"excerpt":{"rendered":"Midtjyllands Avis \"Mange unge mennesker dr\u00f8mmer om at rejse og se verden, men det er alligevel de f\u00e6rreste, der dr\u00f8mmer om at flytte til Kenya og \u00e5bne et b\u00f8rnehjem for gadeb\u00f8rn. Og oven i k\u00f8bet g\u00f8r noget ved det. Ditte Engelbrecht S\u00f8rensen fra Ry har p\u00e5 kort tid indsamlet knap 100.000 kroner til form\u00e5let, og tager til august til Mombasa,<div class=\"h10\"><\/div><a class=\"more-link1\" href=\"https:\/\/makethemsmilekenya.org\/da_dk\/historie-2\/artikel-i-midtjyllandsavis\/\">Read more<\/a>","protected":false},"author":1,"featured_media":0,"parent":166,"menu_order":0,"comment_status":"closed","ping_status":"closed","template":"","meta":{"_mi_skip_tracking":false},"_links":{"self":[{"href":"https:\/\/makethemsmilekenya.org\/da_dk\/wp-json\/wp\/v2\/pages\/399"}],"collection":[{"href":"https:\/\/makethemsmilekenya.org\/da_dk\/wp-json\/wp\/v2\/pages"}],"about":[{"href":"https:\/\/makethemsmilekenya.org\/da_dk\/wp-json\/wp\/v2\/types\/page"}],"author":[{"embeddable":true,"href":"https:\/\/makethemsmilekenya.org\/da_dk\/wp-json\/wp\/v2\/users\/1"}],"replies":[{"embeddable":true,"href":"https:\/\/makethemsmilekenya.org\/da_dk\/wp-json\/wp\/v2\/comments?post=399"}],"version-history":[{"count":10,"href":"https:\/\/makethemsmilekenya.org\/da_dk\/wp-json\/wp\/v2\/pages\/399\/revisions"}],"predecessor-version":[{"id":1021,"href":"https:\/\/makethemsmilekenya.org\/da_dk\/wp-json\/wp\/v2\/pages\/399\/revisions\/1021"}],"up":[{"embeddable":true,"href":"https:\/\/makethemsmilekenya.org\/da_dk\/wp-json\/wp\/v2\/pages\/166"}],"wp:attachment":[{"href":"https:\/\/makethemsmilekenya.org\/da_dk\/wp-json\/wp\/v2\/media?parent=399"}],"curies":[{"name":"wp","href":"https:\/\/api.w.org\/{rel}","templated":true}]}}