{"id":384,"date":"2017-09-18T22:38:02","date_gmt":"2017-09-18T20:38:02","guid":{"rendered":"http:\/\/makethemsmilekenya.org\/?page_id=384"},"modified":"2019-11-02T21:10:13","modified_gmt":"2019-11-02T20:10:13","slug":"interview-med-radio24syv","status":"publish","type":"page","link":"https:\/\/makethemsmilekenya.org\/da_dk\/historie-2\/interview-med-radio24syv\/","title":{"rendered":"Interview med Radio24syv"},"content":{"rendered":"<div class=\"vc_row wpb_row vc_row-fluid\"><div class=\"wpb_column vc_column_container vc_col-sm-12\"><div class=\"vc_column-inner \"><div class=\"wpb_wrapper\"><div class=\"boc_spacing \" style=\"height: 50px\"><\/div><h2 class=\"boc_heading  al_left  \"  style=\"margin-bottom: 20px;margin-top: 0px;color: #333;\"><span><strong>Radio24syv<\/strong><\/span><\/h2><\/div><\/div><\/div><\/div><div class=\"vc_row wpb_row vc_row-fluid\"><div class=\"wpb_column vc_column_container vc_col-sm-6\"><div class=\"vc_column-inner \"><div class=\"wpb_wrapper\">\n\t<div class=\"wpb_text_column wpb_content_element \">\n\t\t<div class=\"wpb_wrapper\">\n\t\t\t<p>&#8220;Hun startede med, at for\u00e6re h\u00e5ndboldklubbens gamle tr\u00f8jer til gadeb\u00f8rnene. Men b\u00f8rnene kunne hun ikke slippe igen&#8221; S\u00e5dan skrev Radio24syv den 18\/09\/2017, da radiostationen et par dage tidligere havde bragt et interview med Ditte i programmet Datolinjen, om de kenyanske gadeb\u00f8rn.<\/p>\n<p>Hele interviewet kan l\u00e6se her:<\/p>\n\n\t\t<\/div>\n\t<\/div>\n<a\thref=\"http:\/\/www.radio24syv.dk\/udvalgte-nyhedshistorier\/22-aarig-dansk-pige-laver-boernehjem-i-kenya\/\" \n\t\t\tclass=\"button btn_medium btn_theme_color btn_rounded btn_normal_style    \"  target='_blank'><span>22 \u00e5rig dansk pige laver b\u00f8rnehjem i Kenya<\/span><\/a><\/div><\/div><\/div><div class=\"wpb_column vc_column_container vc_col-sm-6\"><div class=\"vc_column-inner \"><div class=\"wpb_wrapper\">\n\t<div class=\"wpb_single_image wpb_content_element vc_align_left\">\n\t\t\n\t\t<figure class=\"wpb_wrapper vc_figure\">\n\t\t\t<div class=\"vc_single_image-wrapper   vc_box_border_grey\"><img width=\"640\" height=\"478\" src=\"https:\/\/makethemsmilekenya.org\/wp-content\/uploads\/2017\/09\/ditte.jpg\" class=\"vc_single_image-img attachment-full\" alt=\"\" decoding=\"async\" loading=\"lazy\" srcset=\"https:\/\/makethemsmilekenya.org\/wp-content\/uploads\/2017\/09\/ditte.jpg 640w, https:\/\/makethemsmilekenya.org\/wp-content\/uploads\/2017\/09\/ditte-400x299.jpg 400w, https:\/\/makethemsmilekenya.org\/wp-content\/uploads\/2017\/09\/ditte-300x224.jpg 300w\" sizes=\"(max-width: 640px) 100vw, 640px\" \/><\/div>\n\t\t<\/figure>\n\t<\/div>\n<\/div><\/div><\/div><\/div>\n","protected":false},"excerpt":{"rendered":"Radio24syv \"Hun startede med, at for\u00e6re h\u00e5ndboldklubbens gamle tr\u00f8jer til gadeb\u00f8rnene. Men b\u00f8rnene kunne hun ikke slippe igen\" S\u00e5dan skrev Radio24syv den 18\/09\/2017, da radiostationen et par dage tidligere havde bragt et interview med Ditte i programmet Datolinjen, om de kenyanske gadeb\u00f8rn. Hele interviewet kan l\u00e6se her: 22 \u00e5rig dansk pige laver b\u00f8rnehjem i Kenya","protected":false},"author":1,"featured_media":0,"parent":166,"menu_order":0,"comment_status":"closed","ping_status":"closed","template":"","meta":{"_mi_skip_tracking":false},"_links":{"self":[{"href":"https:\/\/makethemsmilekenya.org\/da_dk\/wp-json\/wp\/v2\/pages\/384"}],"collection":[{"href":"https:\/\/makethemsmilekenya.org\/da_dk\/wp-json\/wp\/v2\/pages"}],"about":[{"href":"https:\/\/makethemsmilekenya.org\/da_dk\/wp-json\/wp\/v2\/types\/page"}],"author":[{"embeddable":true,"href":"https:\/\/makethemsmilekenya.org\/da_dk\/wp-json\/wp\/v2\/users\/1"}],"replies":[{"embeddable":true,"href":"https:\/\/makethemsmilekenya.org\/da_dk\/wp-json\/wp\/v2\/comments?post=384"}],"version-history":[{"count":8,"href":"https:\/\/makethemsmilekenya.org\/da_dk\/wp-json\/wp\/v2\/pages\/384\/revisions"}],"predecessor-version":[{"id":1026,"href":"https:\/\/makethemsmilekenya.org\/da_dk\/wp-json\/wp\/v2\/pages\/384\/revisions\/1026"}],"up":[{"embeddable":true,"href":"https:\/\/makethemsmilekenya.org\/da_dk\/wp-json\/wp\/v2\/pages\/166"}],"wp:attachment":[{"href":"https:\/\/makethemsmilekenya.org\/da_dk\/wp-json\/wp\/v2\/media?parent=384"}],"curies":[{"name":"wp","href":"https:\/\/api.w.org\/{rel}","templated":true}]}}