{"id":25,"date":"2017-06-06T11:32:47","date_gmt":"2017-06-06T09:32:47","guid":{"rendered":"http:\/\/makethemsmilekenya.org\/?page_id=25"},"modified":"2023-06-15T22:31:16","modified_gmt":"2023-06-15T20:31:16","slug":"sponsorer","status":"publish","type":"page","link":"https:\/\/makethemsmilekenya.org\/da_dk\/sponsorer\/","title":{"rendered":"Sponsorer"},"content":{"rendered":"<div class=\"vc_row wpb_row vc_row-fluid\"><div class=\"wpb_column vc_column_container vc_col-sm-12\"><div class=\"vc_column-inner \"><div class=\"wpb_wrapper\"><div class=\"boc_spacing \" style=\"height: 50px\"><\/div><h2 class=\"boc_heading  al_left  \"  style=\"margin-bottom: 20px;margin-top: 0px;color: #333;\"><span><strong>STORT TAK<\/strong> TIL ALLE SPONSORER <\/span><\/h2><\/div><\/div><\/div><\/div><div class=\"vc_row wpb_row vc_row-fluid\"><div class=\"wpb_column vc_column_container vc_col-sm-6\"><div class=\"vc_column-inner \"><div class=\"wpb_wrapper\">\n\t<div class=\"wpb_text_column wpb_content_element \">\n\t\t<div class=\"wpb_wrapper\">\n\t\t\t<p>Dittes f\u00f8rste foredrag foregik hos Lions Club Ry I 2016, hvilket var en stor succes.<\/p>\n<p>Der er med tiden kommet flere til, b\u00e5de fra lokale firmaer i Ry, men ogs\u00e5 byer som Risskov, Lang\u00e5, Hadsten, Lystrup og Silkeborg. Der ud \u00a0over har der v\u00e6ret arrangementer, hvor overskuddet er g\u00e5et til \u00a0projektet, samt privat personer har bidraget.<\/p>\n<p>Du kan se vores sponsorer nederst p\u00e5 hjemmesiden.<\/p>\n<p>Stor tak til alle der giver en h\u00e5nd med!<\/p>\n\n\t\t<\/div>\n\t<\/div>\n<\/div><\/div><\/div><div class=\"wpb_column vc_column_container vc_col-sm-6\"><div class=\"vc_column-inner \"><div class=\"wpb_wrapper\"><div class=\"grid_holder mfp_gallery  small_spacing\" id=\"img_gallery_5ff58316dd39942633b1d02cee71a4e0\"><div class=\"col span_1_of_4 info_item isotope_element\">\r\n\t\t\t\t\t\t\t<div class=\"pic \">\t\t\t\r\n\t\t\t\t\t\t\t<a href=\"https:\/\/makethemsmilekenya.org\/wp-content\/uploads\/2017\/06\/IMG_1525-e1499968949967-scaled.jpg\" class=\"mfp_popup_gal\" title=\"\">\r\n\t\t\t\t\t\t\t\t<img src=\"https:\/\/makethemsmilekenya.org\/wp-content\/uploads\/2017\/06\/IMG_1525-e1499968949967-scaled.jpg\" alt=\"\" \/>\r\n\t\t\t\t\t\t\t\t\r\n\t\t\t\t\t\t\t<\/a>\t<\/div><\/div><div class=\"col span_1_of_4 info_item isotope_element\">\r\n\t\t\t\t\t\t\t<div class=\"pic \">\t\t\t\r\n\t\t\t\t\t\t\t<a href=\"https:\/\/makethemsmilekenya.org\/wp-content\/uploads\/2017\/06\/10299933_654864001272655_117778055649566982_n.jpg\" class=\"mfp_popup_gal\" title=\"\">\r\n\t\t\t\t\t\t\t\t<img src=\"https:\/\/makethemsmilekenya.org\/wp-content\/uploads\/2017\/06\/10299933_654864001272655_117778055649566982_n.jpg\" alt=\"\" \/>\r\n\t\t\t\t\t\t\t\t\r\n\t\t\t\t\t\t\t<\/a>\t<\/div><\/div><div class=\"col span_1_of_4 info_item isotope_element\">\r\n\t\t\t\t\t\t\t<div class=\"pic \">\t\t\t\r\n\t\t\t\t\t\t\t<a href=\"https:\/\/makethemsmilekenya.org\/wp-content\/uploads\/2017\/06\/IMG_1081-e1499968048270-scaled.jpg\" class=\"mfp_popup_gal\" title=\"\">\r\n\t\t\t\t\t\t\t\t<img src=\"https:\/\/makethemsmilekenya.org\/wp-content\/uploads\/2017\/06\/IMG_1081-e1499968048270-scaled.jpg\" alt=\"\" \/>\r\n\t\t\t\t\t\t\t\t\r\n\t\t\t\t\t\t\t<\/a>\t<\/div><\/div><div class=\"col span_1_of_4 info_item isotope_element\">\r\n\t\t\t\t\t\t\t<div class=\"pic \">\t\t\t\r\n\t\t\t\t\t\t\t<a href=\"https:\/\/makethemsmilekenya.org\/wp-content\/uploads\/2017\/06\/10269631_10203257393977792_1176946228852342363_n.jpg\" class=\"mfp_popup_gal\" title=\"\">\r\n\t\t\t\t\t\t\t\t<img src=\"https:\/\/makethemsmilekenya.org\/wp-content\/uploads\/2017\/06\/10269631_10203257393977792_1176946228852342363_n.jpg\" alt=\"\" \/>\r\n\t\t\t\t\t\t\t\t\r\n\t\t\t\t\t\t\t<\/a>\t<\/div><\/div><div class=\"col span_1_of_4 info_item isotope_element\">\r\n\t\t\t\t\t\t\t<div class=\"pic \">\t\t\t\r\n\t\t\t\t\t\t\t<a href=\"https:\/\/makethemsmilekenya.org\/wp-content\/uploads\/2017\/06\/10155617_10203061007508253_1420012064_n.jpg\" class=\"mfp_popup_gal\" title=\"\">\r\n\t\t\t\t\t\t\t\t<img src=\"https:\/\/makethemsmilekenya.org\/wp-content\/uploads\/2017\/06\/10155617_10203061007508253_1420012064_n.jpg\" alt=\"\" \/>\r\n\t\t\t\t\t\t\t\t\r\n\t\t\t\t\t\t\t<\/a>\t<\/div><\/div><div class=\"col span_1_of_4 info_item isotope_element\">\r\n\t\t\t\t\t\t\t<div class=\"pic \">\t\t\t\r\n\t\t\t\t\t\t\t<a href=\"https:\/\/makethemsmilekenya.org\/wp-content\/uploads\/2017\/06\/10421619_654859437939778_558886108031266047_n.jpg\" class=\"mfp_popup_gal\" title=\"\">\r\n\t\t\t\t\t\t\t\t<img src=\"https:\/\/makethemsmilekenya.org\/wp-content\/uploads\/2017\/06\/10421619_654859437939778_558886108031266047_n.jpg\" alt=\"\" \/>\r\n\t\t\t\t\t\t\t\t\r\n\t\t\t\t\t\t\t<\/a>\t<\/div><\/div><div class=\"col span_1_of_4 info_item isotope_element\">\r\n\t\t\t\t\t\t\t<div class=\"pic \">\t\t\t\r\n\t\t\t\t\t\t\t<a href=\"https:\/\/makethemsmilekenya.org\/wp-content\/uploads\/2017\/06\/10356358_654862107939511_7198185937457294463_n-1-e1499969542175.jpg\" class=\"mfp_popup_gal\" title=\"\">\r\n\t\t\t\t\t\t\t\t<img src=\"https:\/\/makethemsmilekenya.org\/wp-content\/uploads\/2017\/06\/10356358_654862107939511_7198185937457294463_n-1-e1499969542175.jpg\" alt=\"\" \/>\r\n\t\t\t\t\t\t\t\t\r\n\t\t\t\t\t\t\t<\/a>\t<\/div><\/div><div class=\"col span_1_of_4 info_item isotope_element\">\r\n\t\t\t\t\t\t\t<div class=\"pic \">\t\t\t\r\n\t\t\t\t\t\t\t<a href=\"https:\/\/makethemsmilekenya.org\/wp-content\/uploads\/2017\/06\/10447866_654861817939540_5722124905826765550_n.jpg\" class=\"mfp_popup_gal\" title=\"\">\r\n\t\t\t\t\t\t\t\t<img src=\"https:\/\/makethemsmilekenya.org\/wp-content\/uploads\/2017\/06\/10447866_654861817939540_5722124905826765550_n.jpg\" alt=\"\" \/>\r\n\t\t\t\t\t\t\t\t\r\n\t\t\t\t\t\t\t<\/a>\t<\/div><\/div><\/div><\/div><\/div><\/div><\/div><div class=\"vc_row wpb_row vc_row-fluid\"><div class=\"wpb_column vc_column_container vc_col-sm-12\"><div class=\"vc_column-inner \"><div class=\"wpb_wrapper\"><div class=\"boc_divider_holder\"><div class=\"boc_divider  \"  style=\"margin-top: 20px;margin-bottom: 20px;height: 1px;background: #eee;\"><\/div><\/div><\/div><\/div><\/div><\/div><div class=\"vc_row wpb_row vc_row-fluid\"><div class=\"wpb_column vc_column_container vc_col-sm-12\"><div class=\"vc_column-inner \"><div class=\"wpb_wrapper\"><h2 class=\"boc_heading  center  \"  style=\"margin-bottom: 20px;margin-top: 0px;color: #333;\"><span> De unge i Ry <strong>donere deres <\/strong>spiller t\u00f8j<\/span><\/h2><\/div><\/div><\/div><\/div><div class=\"vc_row wpb_row vc_row-fluid\"><div class=\"wpb_column vc_column_container vc_col-sm-4\"><div class=\"vc_column-inner \"><div class=\"wpb_wrapper\">\n\t<div class=\"wpb_single_image wpb_content_element vc_align_center\">\n\t\t\n\t\t<figure class=\"wpb_wrapper vc_figure\">\n\t\t\t<div class=\"vc_single_image-wrapper   vc_box_border_grey\"><img width=\"204\" height=\"300\" src=\"https:\/\/makethemsmilekenya.org\/wp-content\/uploads\/2017\/06\/cutmypic-1-204x300.png\" class=\"vc_single_image-img attachment-medium\" alt=\"\" decoding=\"async\" loading=\"lazy\" srcset=\"https:\/\/makethemsmilekenya.org\/wp-content\/uploads\/2017\/06\/cutmypic-1-204x300.png 204w, https:\/\/makethemsmilekenya.org\/wp-content\/uploads\/2017\/06\/cutmypic-1.png 226w\" sizes=\"(max-width: 204px) 100vw, 204px\" \/><\/div>\n\t\t<\/figure>\n\t<\/div>\n\n\t<div class=\"wpb_text_column wpb_content_element \">\n\t\t<div class=\"wpb_wrapper\">\n\t\t\t<p><span style=\"font-size: small;\"><em>Jeg gav min tr\u00f8je til Kenya, fordi jeg synes det er et rigtig godt projekt, som jeg selvf\u00f8lgelig gerne vil st\u00f8tte op om. Det at hj\u00e6lpe med s\u00e5dan et projekt, betyder for mig, at jeg har det rigtig godt med at skaffe mig af med tr\u00f8jerne, n\u00e5r jeg ved det hj\u00e6lper nogen.<br \/>\nNoget jeg har tilf\u00e6lles med barnet med min tr\u00f8je er nok, at vi begge f\u00e5r noget ud af den minimale indsats, at aflevere en tr\u00f8je, som kan g\u00f8re en lille forskel.<br \/>\nJeg synes Make Them Smile Kenya er et fedt projekt, og at det er fedt, at Ditte gider l\u00e6gge s\u00e5 mange kr\u00e6fter i det! Ogs\u00e5 det, at lokalsamfundet vil hj\u00e6lpe i form af brugt t\u00f8j, synes jeg er fedt.<br \/>\n<\/em><\/span>-Laura Bertelsen, 16\u00a0\u00e5r<\/p>\n\n\t\t<\/div>\n\t<\/div>\n<\/div><\/div><\/div><div class=\"wpb_column vc_column_container vc_col-sm-4\"><div class=\"vc_column-inner \"><div class=\"wpb_wrapper\">\n\t<div class=\"wpb_single_image wpb_content_element vc_align_center\">\n\t\t\n\t\t<figure class=\"wpb_wrapper vc_figure\">\n\t\t\t<div class=\"vc_single_image-wrapper   vc_box_border_grey\"><img width=\"226\" height=\"298\" src=\"https:\/\/makethemsmilekenya.org\/wp-content\/uploads\/2017\/06\/nu.png\" class=\"vc_single_image-img attachment-full\" alt=\"\" decoding=\"async\" loading=\"lazy\" \/><\/div>\n\t\t<\/figure>\n\t<\/div>\n\n\t<div class=\"wpb_text_column wpb_content_element \">\n\t\t<div class=\"wpb_wrapper\">\n\t\t\t<p><span style=\"font-size: small;\"><em>Jeg gav tr\u00f8jen fordi jeg gerne ville st\u00f8tte en god sag og hvorfor s\u00e5 ikke give det til en, der mangler i stedet for at smide det ud.<br \/>\nDet betyder rigtig meget for mig, at jeg kan hj\u00e6lpe selvom at kun var med noget t\u00f8j.<br \/>\nJeg har tilf\u00e6lles med barnet der har min tr\u00f8je at vi begge har brug for det samme, mad drikke, t\u00f8j og k\u00e6rlighed, vi har alle brug for nogen, der tror p\u00e5 os og hj\u00e6lper os.<br \/>\nJeg synes at det er fantastisk projekt.<br \/>\nJeg har helt sikkert lyst til at f\u00f8lge projektet, jeg synes, at det er fantastisk det i g\u00f8r for at hj\u00e6lpe.<\/em><\/span><\/p>\n<p>-Natascha Gadeberg, 14\u00a0\u00e5r<\/p>\n\n\t\t<\/div>\n\t<\/div>\n<\/div><\/div><\/div><div class=\"wpb_column vc_column_container vc_col-sm-4\"><div class=\"vc_column-inner \"><div class=\"wpb_wrapper\">\n\t<div class=\"wpb_single_image wpb_content_element vc_align_left\">\n\t\t\n\t\t<figure class=\"wpb_wrapper vc_figure\">\n\t\t\t<div class=\"vc_single_image-wrapper   vc_box_border_grey\"><img width=\"226\" height=\"299\" src=\"https:\/\/makethemsmilekenya.org\/wp-content\/uploads\/2017\/06\/cutmypic-2.png\" class=\"vc_single_image-img attachment-full\" alt=\"\" decoding=\"async\" loading=\"lazy\" \/><\/div>\n\t\t<\/figure>\n\t<\/div>\n\n\t<div class=\"wpb_text_column wpb_content_element \">\n\t\t<div class=\"wpb_wrapper\">\n\t\t\t<p><span style=\"font-size: small;\"><em>Jeg elsker at spille h\u00e5ndbold.Jeg har givet min flere af mine spillert\u00f8jer til Make Them smile. Men denne her er helt speciel. Det var den jeg spillede i, da jeg startede p\u00e5 stor bane. Jeg tror, at den bringer held,\u00a0eller det h\u00e5ber jeg i hvert tilf\u00e6lde, at den forts\u00e6tter med. Det er nu alligevel lidt vildt, at der l\u00f8ber en dreng eller pige rundt i mit t\u00f8j i Afrika &#8211; og at man s\u00e5 ogs\u00e5 kan se at det har v\u00e6ret mit. Det er dejligt, at de kan f\u00e5 noget ud af det t\u00f8j, som vi ikke bruger mere.Jeg h\u00e5ber, at de f\u00e5r lige s\u00e5 mange sjove oplevelser i t\u00f8jet, som vi har haft.Jeg kunne godt t\u00e6nke mig at komme til Afrika &#8211; s\u00e5 ville jeg tage en h\u00e5ndbold med.<\/em><\/span><br \/>\n-William Lyng, 13 \u00e5r<\/p>\n\n\t\t<\/div>\n\t<\/div>\n<\/div><\/div><\/div><\/div><div class=\"vc_row wpb_row vc_row-fluid\"><div class=\"wpb_column vc_column_container vc_col-sm-12\"><div class=\"vc_column-inner \"><div class=\"wpb_wrapper\"><div class=\"boc_divider_holder\"><div class=\"boc_divider  \"  style=\"margin-top: 20px;margin-bottom: 20px;height: 1px;background: #eee;\"><\/div><\/div><\/div><\/div><\/div><\/div><div class=\"vc_row wpb_row vc_row-fluid\"><div class=\"wpb_column vc_column_container vc_col-sm-12\"><div class=\"vc_column-inner \"><div class=\"wpb_wrapper\"><h2 class=\"boc_heading  center  \"  style=\"margin-bottom: 20px;margin-top: 0px;color: #333;\"><span><strong>Tak til Jesper &#8211; Make Them Smile Kenyas ambassad\u00f8r<\/strong> <\/span><\/h2><\/div><\/div><\/div><\/div><div class=\"vc_row wpb_row vc_row-fluid\"><div class=\"wpb_column vc_column_container vc_col-sm-4\"><div class=\"vc_column-inner \"><div class=\"wpb_wrapper\">\n\t<div class=\"wpb_single_image wpb_content_element vc_align_left\">\n\t\t\n\t\t<figure class=\"wpb_wrapper vc_figure\">\n\t\t\t<div class=\"vc_single_image-wrapper   vc_box_border_grey\"><img width=\"640\" height=\"640\" src=\"https:\/\/makethemsmilekenya.org\/wp-content\/uploads\/2018\/05\/33204810_2115871385311756_1915061819194474496_n-1.jpg\" class=\"vc_single_image-img attachment-full\" alt=\"\" decoding=\"async\" loading=\"lazy\" srcset=\"https:\/\/makethemsmilekenya.org\/wp-content\/uploads\/2018\/05\/33204810_2115871385311756_1915061819194474496_n-1.jpg 640w, https:\/\/makethemsmilekenya.org\/wp-content\/uploads\/2018\/05\/33204810_2115871385311756_1915061819194474496_n-1-300x300.jpg 300w, https:\/\/makethemsmilekenya.org\/wp-content\/uploads\/2018\/05\/33204810_2115871385311756_1915061819194474496_n-1-100x100.jpg 100w, https:\/\/makethemsmilekenya.org\/wp-content\/uploads\/2018\/05\/33204810_2115871385311756_1915061819194474496_n-1-400x400.jpg 400w, https:\/\/makethemsmilekenya.org\/wp-content\/uploads\/2018\/05\/33204810_2115871385311756_1915061819194474496_n-1-150x150.jpg 150w\" sizes=\"(max-width: 640px) 100vw, 640px\" \/><\/div>\n\t\t<\/figure>\n\t<\/div>\n\n\t<div class=\"wpb_text_column wpb_content_element \">\n\t\t<div class=\"wpb_wrapper\">\n\t\t\t\n\t\t<\/div>\n\t<\/div>\n<\/div><\/div><\/div><div class=\"wpb_column vc_column_container vc_col-sm-4\"><div class=\"vc_column-inner \"><div class=\"wpb_wrapper\">\n\t<div class=\"wpb_text_column wpb_content_element \">\n\t\t<div class=\"wpb_wrapper\">\n\t\t\t<p>Stort tak til Jesper, der nu l\u00f8ber\/cykler rundt med vores logo p\u00e5 sin dragt \u2013 vi er meget stolte og taknemmelige!<\/p>\n<p style=\"text-align: center;\">\u201cTr\u00e6ningen g\u00e5r bedre og bedre, og formen begynder at v\u00e6re acceptabel. Derudover har resultatet af h\u00e5rdt arbejde med trimtex endnu en gang b\u00e5ret et fantastisk resultat med sig! @trimtex har altid leveret kvalitet, men de har lige sat prikken over i\u2019et med denne dragt \u2013 fede detaljer! Og det faktum, at de vil v\u00e6re med til at g\u00f8re en forskel for et virkelig fedt projekt som Make Them Smile Kenya, er bare endnu et vidne om, at det er et fedt brand, der har nogle gode v\u00e6rdier.<br \/>\nSmilet er stort hos mig, med lidt hj\u00e6lp kan Make Them Smile Kenya ogs\u00e5 f\u00e5 de udsatte b\u00f8rn i Kenya til at smile.&#8221;<\/p>\n<p style=\"text-align: center;\"><a href=\"https:\/\/www.facebook.com\/jesperstaulundtriatlet\" target=\"_blank\" rel=\"noopener noreferrer\">Mvh Jesper<\/a><\/p>\n\n\t\t<\/div>\n\t<\/div>\n<\/div><\/div><\/div><div class=\"wpb_column vc_column_container vc_col-sm-4\"><div class=\"vc_column-inner \"><div class=\"wpb_wrapper\">\n\t<div class=\"wpb_single_image wpb_content_element vc_align_left\">\n\t\t\n\t\t<figure class=\"wpb_wrapper vc_figure\">\n\t\t\t<div class=\"vc_single_image-wrapper   vc_box_border_grey\"><img width=\"771\" height=\"771\" src=\"https:\/\/makethemsmilekenya.org\/wp-content\/uploads\/2018\/05\/33245565_2115871451978416_1317754992148348928_n-1.jpg\" class=\"vc_single_image-img attachment-full\" alt=\"\" decoding=\"async\" loading=\"lazy\" srcset=\"https:\/\/makethemsmilekenya.org\/wp-content\/uploads\/2018\/05\/33245565_2115871451978416_1317754992148348928_n-1.jpg 771w, https:\/\/makethemsmilekenya.org\/wp-content\/uploads\/2018\/05\/33245565_2115871451978416_1317754992148348928_n-1-300x300.jpg 300w, https:\/\/makethemsmilekenya.org\/wp-content\/uploads\/2018\/05\/33245565_2115871451978416_1317754992148348928_n-1-100x100.jpg 100w, https:\/\/makethemsmilekenya.org\/wp-content\/uploads\/2018\/05\/33245565_2115871451978416_1317754992148348928_n-1-400x400.jpg 400w, https:\/\/makethemsmilekenya.org\/wp-content\/uploads\/2018\/05\/33245565_2115871451978416_1317754992148348928_n-1-150x150.jpg 150w, https:\/\/makethemsmilekenya.org\/wp-content\/uploads\/2018\/05\/33245565_2115871451978416_1317754992148348928_n-1-768x768.jpg 768w\" sizes=\"(max-width: 771px) 100vw, 771px\" \/><\/div>\n\t\t<\/figure>\n\t<\/div>\n<\/div><\/div><\/div><div class=\"wpb_column vc_column_container vc_col-sm-12\"><div class=\"vc_column-inner \"><div class=\"wpb_wrapper\"><h2 class=\"boc_heading  al_left  \"  style=\"margin-bottom: 20px;margin-top: 0px;color: #333;\"><span><strong>STORT TAK<\/strong> TIL ALLE SPONSORER <\/span><\/h2>\n\t<div class=\"wpb_text_column wpb_content_element \">\n\t\t<div class=\"wpb_wrapper\">\n\t\t\t<ul>\n<li><a href=\"http:\/\/www.lry.dk\/\" target=\"_blank\" rel=\"noopener noreferrer\">Lions Club Ry<\/a><\/li>\n<li><a href=\"http:\/\/www.langaa.lions.dk\/\" target=\"_blank\" rel=\"noopener noreferrer\">Lions Club Lang\u00e5<\/a><\/li>\n<li><a href=\"http:\/\/www.lions-lystrup.dk\/\" target=\"_blank\" rel=\"noopener noreferrer\">Lions Club Lystrup<\/a><\/li>\n<li><a href=\"http:\/\/them.lions.dk\/\" target=\"_blank\" rel=\"noopener noreferrer\">Lions Club Them<\/a><\/li>\n<li><a href=\"http:\/\/silkeborg.lions.dk\/\" target=\"_blank\" rel=\"noopener noreferrer\">Lions Club Silkeborg Theodora <\/a><\/li>\n<li><a href=\"http:\/\/textilprint.dk\/\" target=\"_blank\" rel=\"noopener noreferrer\">Textil Print, Ry<\/a><\/li>\n<li><a href=\"http:\/\/lynglund.dk\/\" target=\"_blank\" rel=\"noopener noreferrer\">Lynglund, Ry<\/a><\/li>\n<li><a href=\"http:\/\/jeresferie.dk\/\" target=\"_blank\" rel=\"noopener noreferrer\">Jeresferie, Br\u00f8nderslev<\/a><\/li>\n<li><a href=\"http:\/\/ryh.dk\/\" target=\"_blank\" rel=\"noopener noreferrer\">Ry H\u00e5ndbold, Ry<\/a><\/li>\n<li><a href=\"http:\/\/struerhaandbold.dk\/\" target=\"_blank\" rel=\"noopener noreferrer\">Struer H\u00e5ndbold<\/a><\/li>\n<li><a href=\"http:\/\/hadsten.lions.dk\/\" target=\"_blank\" rel=\"noopener noreferrer\">Lions Club, Hadsten<\/a><\/li>\n<li><a href=\"http:\/\/randers-gudenaa.dk\/Lions_Club_Randers_Gudenaa\/Om_os.html\" target=\"_blank\" rel=\"noopener noreferrer\">Lions Club Randers Gudenaa<\/a><\/li>\n<li><a href=\"http:\/\/kjellerup.lions.dk\/\" target=\"_blank\" rel=\"noopener noreferrer\">Lions Kjellerup<\/a><\/li>\n<li><a href=\"https:\/\/www.inox.dk\/\" target=\"_blank\" rel=\"noopener noreferrer\">Inox, Ry<\/a><\/li>\n<li><a href=\"https:\/\/www.krak.dk\/vagns+tv+%26+antenneservice+ry\/66307807\/firma\">Vagns TV og Antenneservice<\/a><\/li>\n<li><a href=\"http:\/\/murerstorm.dk\/\" target=\"_blank\" rel=\"noopener noreferrer\">Murer Martin Storm<\/a><\/li>\n<li><a href=\"https:\/\/mhj-ry.dk\/\" target=\"_blank\" rel=\"noopener noreferrer\">T\u00f8mrermester Martin H\u00e5sen Jensen Aps<\/a><\/li>\n<li><a href=\"https:\/\/www.aura.dk\/\" target=\"_blank\" rel=\"noopener noreferrer\">AURA Energi<\/a><\/li>\n<li><a href=\"http:\/\/www.werk.dk\/\" target=\"_blank\" rel=\"noopener noreferrer\">Werks Grafiske Hus A\/S<\/a><\/li>\n<li><a href=\"http:\/\/www.aulum.ysmen.dk\/index.php?id=3133\" target=\"_blank\" rel=\"noopener noreferrer\">Aulum Y&#8217;s Men&#8217;s Club<\/a><\/li>\n<li><a href=\"https:\/\/lundenaes.ysmen.dk\/\" target=\"_blank\" rel=\"noopener noreferrer\">Lunden\u00e6s Y&#8217;s Men&#8217;s Club<\/a><\/li>\n<li><a href=\"https:\/\/alderslyst.ysmen.dk\/\">Alderslyst Y&#8217;s Men&#8217;s Club<\/a><\/li>\n<li><a href=\"https:\/\/braedstrup.ysmen.dk\/\">Br\u00e6dstrup Y&#8217;s Men&#8217;s Club<\/a><\/li>\n<li><a href=\"https:\/\/lunderskov.ysmen.dk\/\">Lunderskov Y&#8217;s Men&#8217;s Club<\/a><\/li>\n<li><a href=\"https:\/\/videbaek.ysmen.dk\/\">Videb\u00e6k Y&#8217;s Men&#8217;s Club<\/a><\/li>\n<li><a href=\"https:\/\/hedensted.ysmen.dk\/\">Hedensted Y&#8217;s Men&#8217;s Club<\/a><\/li>\n<li><a href=\"http:\/\/www.sdrbjert.ysmen.dk\/index.php?id=4121\" target=\"_blank\" rel=\"noopener noreferrer\">Sdr. Bjert Y&#8217;s Men&#8217;s Club<\/a><\/li>\n<li><a href=\"http:\/\/www.gartnermadsen.dk\/265063308\" target=\"_blank\" rel=\"noopener noreferrer\">Jesper&#8217;s Haveservice<\/a><\/li>\n<li><a href=\"https:\/\/cvrapi.dk\/virksomhed\/dk\/murermester-thorsen-vlasse-thorsen\/32959652\" target=\"_blank\" rel=\"noopener noreferrer\">Murermester Thorsen<\/a><\/li>\n<li><a href=\"https:\/\/www.rotary.dk\/clubs\/horninghasselager\" target=\"_blank\" rel=\"noopener noreferrer\">Rotary H\u00f8rning-Hasselager<\/a><\/li>\n<\/ul>\n\n\t\t<\/div>\n\t<\/div>\n<\/div><\/div><\/div><\/div>\n","protected":false},"excerpt":{"rendered":"STORT TAK TIL ALLE SPONSORER Dittes f\u00f8rste foredrag foregik hos Lions Club Ry I 2016, hvilket var en stor succes. Der er med tiden kommet flere til, b\u00e5de fra lokale firmaer i Ry, men ogs\u00e5 byer som Risskov, Lang\u00e5, Hadsten, Lystrup og Silkeborg. Der ud \u00a0over har der v\u00e6ret arrangementer, hvor overskuddet er g\u00e5et til \u00a0projektet, samt privat personer har<div class=\"h10\"><\/div><a class=\"more-link1\" href=\"https:\/\/makethemsmilekenya.org\/da_dk\/sponsorer\/\">Read more<\/a>","protected":false},"author":1,"featured_media":0,"parent":0,"menu_order":0,"comment_status":"closed","ping_status":"closed","template":"","meta":{"_mi_skip_tracking":false},"_links":{"self":[{"href":"https:\/\/makethemsmilekenya.org\/da_dk\/wp-json\/wp\/v2\/pages\/25"}],"collection":[{"href":"https:\/\/makethemsmilekenya.org\/da_dk\/wp-json\/wp\/v2\/pages"}],"about":[{"href":"https:\/\/makethemsmilekenya.org\/da_dk\/wp-json\/wp\/v2\/types\/page"}],"author":[{"embeddable":true,"href":"https:\/\/makethemsmilekenya.org\/da_dk\/wp-json\/wp\/v2\/users\/1"}],"replies":[{"embeddable":true,"href":"https:\/\/makethemsmilekenya.org\/da_dk\/wp-json\/wp\/v2\/comments?post=25"}],"version-history":[{"count":5,"href":"https:\/\/makethemsmilekenya.org\/da_dk\/wp-json\/wp\/v2\/pages\/25\/revisions"}],"predecessor-version":[{"id":2469,"href":"https:\/\/makethemsmilekenya.org\/da_dk\/wp-json\/wp\/v2\/pages\/25\/revisions\/2469"}],"wp:attachment":[{"href":"https:\/\/makethemsmilekenya.org\/da_dk\/wp-json\/wp\/v2\/media?parent=25"}],"curies":[{"name":"wp","href":"https:\/\/api.w.org\/{rel}","templated":true}]}}