{"id":2312,"date":"2022-11-14T13:36:25","date_gmt":"2022-11-14T12:36:25","guid":{"rendered":"https:\/\/makethemsmilekenya.org\/?page_id=2312"},"modified":"2023-03-11T19:07:36","modified_gmt":"2023-03-11T18:07:36","slug":"rejs-ud-som-frivillig-2","status":"publish","type":"page","link":"https:\/\/makethemsmilekenya.org\/da_dk\/rejs-ud-som-frivillig-2\/","title":{"rendered":"Rejs ud som frivillig"},"content":{"rendered":"\t\t<div data-elementor-type=\"wp-page\" data-elementor-id=\"2312\" class=\"elementor elementor-2312\">\n\t\t\t\t\t\t<div class=\"elementor-inner\">\n\t\t\t\t<div class=\"elementor-section-wrap\">\n\t\t\t\t\t\t\t\t\t<section class=\"elementor-section elementor-top-section elementor-element elementor-element-cbcb489 elementor-section-boxed elementor-section-height-default elementor-section-height-default\" data-id=\"cbcb489\" data-element_type=\"section\">\n\t\t\t\t\t\t<div class=\"elementor-container elementor-column-gap-default\">\n\t\t\t\t\t\t\t<div class=\"elementor-row\">\n\t\t\t\t\t<div class=\"elementor-column elementor-col-33 elementor-top-column elementor-element elementor-element-57aaedd\" data-id=\"57aaedd\" data-element_type=\"column\">\n\t\t\t<div class=\"elementor-column-wrap elementor-element-populated\">\n\t\t\t\t\t\t\t<div class=\"elementor-widget-wrap\">\n\t\t\t\t\t\t<div class=\"elementor-element elementor-element-79d8ae3 elementor-widget elementor-widget-text-editor\" data-id=\"79d8ae3\" data-element_type=\"widget\" data-widget_type=\"text-editor.default\">\n\t\t\t\t<div class=\"elementor-widget-container\">\n\t\t\t\t\t\t\t\t<div class=\"elementor-text-editor elementor-clearfix\">\n\t\t\t\t<p style=\"text-align: center;\"><span style=\"color: var( --e-global-color-text );\">&nbsp;<\/span><\/p>\n<p style=\"text-align: left;\"><span style=\"color: var( --e-global-color-text );\">Make Them Smile Kenya sender frivillige til vores eget projekt samt andre projekter rundt i Kenya . Skulle du have lyst til at rejse til Kenya, for at g\u00f8re en forskel p\u00e5 lige din m\u00e5de hj\u00e6lper vi dig godt p\u00e5 vej. Ved at rejse med med os st\u00f8tter du&nbsp;<\/span><span style=\"color: var( --e-global-color-text );\">automatisk op om Make Them Smile Kenya.&nbsp;<\/span><\/p>\n<p style=\"text-align: left;\"><span style=\"color: var( --e-global-color-text );\">&nbsp;<\/span><\/p>\n<p style=\"text-align: left;\">Kontakt os for mere info p\u00e5:&nbsp;<\/p>\n<p style=\"text-align: left;\">Info@makethemsmilekenya.org&nbsp;<\/p>\n<p style=\"text-align: left;\">Tlf: 28 14 34 55<\/p>\t\t\t\t\t<\/div>\n\t\t\t\t\t\t<\/div>\n\t\t\t\t<\/div>\n\t\t\t\t\t\t<\/div>\n\t\t\t\t\t<\/div>\n\t\t<\/div>\n\t\t\t\t<div class=\"elementor-column elementor-col-66 elementor-top-column elementor-element elementor-element-a809f3f\" data-id=\"a809f3f\" data-element_type=\"column\">\n\t\t\t<div class=\"elementor-column-wrap elementor-element-populated\">\n\t\t\t\t\t\t\t<div class=\"elementor-widget-wrap\">\n\t\t\t\t\t\t<div class=\"elementor-element elementor-element-02210ed elementor-widget elementor-widget-image\" data-id=\"02210ed\" data-element_type=\"widget\" data-widget_type=\"image.default\">\n\t\t\t\t<div class=\"elementor-widget-container\">\n\t\t\t\t\t\t\t\t<div class=\"elementor-image\">\n\t\t\t\t\t\t\t\t\t<figure class=\"wp-caption\">\n\t\t\t\t\t\t\t\t\t\t<img decoding=\"async\" width=\"600\" height=\"380\" src=\"https:\/\/makethemsmilekenya.org\/wp-content\/uploads\/2022\/06\/286138296_753765395983932_885459140726223734_n-600x380.png\" class=\"attachment-boc_medium size-boc_medium\" alt=\"Hj\u00e6lp som frivilling\" loading=\"lazy\" \/>\t\t\t\t\t\t\t\t\t\t\t<figcaption class=\"widget-image-caption wp-caption-text\"><\/figcaption>\n\t\t\t\t\t\t\t\t\t\t<\/figure>\n\t\t\t\t\t\t\t\t<\/div>\n\t\t\t\t\t\t<\/div>\n\t\t\t\t<\/div>\n\t\t\t\t\t\t<\/div>\n\t\t\t\t\t<\/div>\n\t\t<\/div>\n\t\t\t\t\t\t\t\t<\/div>\n\t\t\t\t\t<\/div>\n\t\t<\/section>\n\t\t\t\t<section class=\"elementor-section elementor-top-section elementor-element elementor-element-fc41b37 elementor-section-boxed elementor-section-height-default elementor-section-height-default\" data-id=\"fc41b37\" data-element_type=\"section\">\n\t\t\t\t\t\t<div class=\"elementor-container elementor-column-gap-default\">\n\t\t\t\t\t\t\t<div class=\"elementor-row\">\n\t\t\t\t\t<div class=\"elementor-column elementor-col-100 elementor-top-column elementor-element elementor-element-0e69eba\" data-id=\"0e69eba\" data-element_type=\"column\">\n\t\t\t<div class=\"elementor-column-wrap\">\n\t\t\t\t\t\t\t<div class=\"elementor-widget-wrap\">\n\t\t\t\t\t\t\t\t<\/div>\n\t\t\t\t\t<\/div>\n\t\t<\/div>\n\t\t\t\t\t\t\t\t<\/div>\n\t\t\t\t\t<\/div>\n\t\t<\/section>\n\t\t\t\t<section class=\"elementor-section elementor-top-section elementor-element elementor-element-d78a705 elementor-section-boxed elementor-section-height-default elementor-section-height-default\" data-id=\"d78a705\" data-element_type=\"section\">\n\t\t\t\t\t\t<div class=\"elementor-container elementor-column-gap-default\">\n\t\t\t\t\t\t\t<div class=\"elementor-row\">\n\t\t\t\t\t<div class=\"elementor-column elementor-col-100 elementor-top-column elementor-element elementor-element-7221b42\" data-id=\"7221b42\" data-element_type=\"column\">\n\t\t\t<div class=\"elementor-column-wrap\">\n\t\t\t\t\t\t\t<div class=\"elementor-widget-wrap\">\n\t\t\t\t\t\t\t\t<\/div>\n\t\t\t\t\t<\/div>\n\t\t<\/div>\n\t\t\t\t\t\t\t\t<\/div>\n\t\t\t\t\t<\/div>\n\t\t<\/section>\n\t\t\t\t\t\t\t\t\t<\/div>\n\t\t\t<\/div>\n\t\t\t\t\t<\/div>\n\t\t","protected":false},"excerpt":{"rendered":"<p>&nbsp; Make Them Smile Kenya sender frivillige til vores eget projekt samt andre projekter rundt i Kenya . Skulle du have lyst til at rejse til Kenya, for at g\u00f8re en forskel p\u00e5 lige din m\u00e5de hj\u00e6lper vi dig godt p\u00e5 vej. Ved at rejse med med os st\u00f8tter du&nbsp;automatisk op om Make Them Smile Kenya.&nbsp; &nbsp; Kontakt os for<\/p>\n<div class=\"h10\"><\/div>\n<p><a class=\"more-link1\" href=\"https:\/\/makethemsmilekenya.org\/da_dk\/rejs-ud-som-frivillig-2\/\">Read more<\/a><\/p>\n","protected":false},"author":10,"featured_media":0,"parent":0,"menu_order":0,"comment_status":"closed","ping_status":"closed","template":"","meta":{"_mi_skip_tracking":false},"_links":{"self":[{"href":"https:\/\/makethemsmilekenya.org\/da_dk\/wp-json\/wp\/v2\/pages\/2312"}],"collection":[{"href":"https:\/\/makethemsmilekenya.org\/da_dk\/wp-json\/wp\/v2\/pages"}],"about":[{"href":"https:\/\/makethemsmilekenya.org\/da_dk\/wp-json\/wp\/v2\/types\/page"}],"author":[{"embeddable":true,"href":"https:\/\/makethemsmilekenya.org\/da_dk\/wp-json\/wp\/v2\/users\/10"}],"replies":[{"embeddable":true,"href":"https:\/\/makethemsmilekenya.org\/da_dk\/wp-json\/wp\/v2\/comments?post=2312"}],"version-history":[{"count":5,"href":"https:\/\/makethemsmilekenya.org\/da_dk\/wp-json\/wp\/v2\/pages\/2312\/revisions"}],"predecessor-version":[{"id":2459,"href":"https:\/\/makethemsmilekenya.org\/da_dk\/wp-json\/wp\/v2\/pages\/2312\/revisions\/2459"}],"wp:attachment":[{"href":"https:\/\/makethemsmilekenya.org\/da_dk\/wp-json\/wp\/v2\/media?parent=2312"}],"curies":[{"name":"wp","href":"https:\/\/api.w.org\/{rel}","templated":true}]}}