{"id":2173,"date":"2021-12-16T21:56:33","date_gmt":"2021-12-16T20:56:33","guid":{"rendered":"https:\/\/makethemsmilekenya.org\/?page_id=2173"},"modified":"2022-01-07T08:57:46","modified_gmt":"2022-01-07T07:57:46","slug":"besoeg-af-make-them-smile-kenya","status":"publish","type":"page","link":"https:\/\/makethemsmilekenya.org\/da_dk\/besoeg-af-make-them-smile-kenya\/","title":{"rendered":"Bes\u00f8g af Make Them Smile Kenya"},"content":{"rendered":"<div class=\"vc_row wpb_row vc_row-fluid\"><div class=\"wpb_column vc_column_container vc_col-sm-8\"><div class=\"vc_column-inner \"><div class=\"wpb_wrapper\"><div class=\"boc_spacing \" style=\"height: 50px\"><\/div><h2 class=\"boc_heading  al_left  \"  style=\"margin-bottom: 20px;margin-top: 0px;color: #333;\"><span><strong>Bes\u00f8g af Make Them Smile Kenya<\/strong> <\/span><\/h2>\n\t<div class=\"wpb_text_column wpb_content_element \">\n\t\t<div class=\"wpb_wrapper\">\n\t\t\t<p>\u00d8nsker du at f\u00e5 bes\u00f8g af MTSK, kan du til enhver tid kontakte os ved at sende en mail p\u00e5 <a href=\"mailto:info@makethemsmilekenya.org\">info@makethemsmilekenya.org<\/a>, og vi vil vende retur hurtigst muligt.<\/p>\n<p>Et bes\u00f8g fra MTSK indeb\u00e6rer historien bag os, hvad vi laver nede i Kenya, hvem vi er og hvad vores mission er.<\/p>\n<p>Vi kan blandt andet bookes til: skoler, h\u00f8jskoler og efterskoler. Vi bes\u00f8ger naturligvis ogs\u00e5 andre steder som ikke er skoler, dette skal blot n\u00e6vnes i mailen.<\/p>\n<p>Et konkret eksempel p\u00e5 en skole som har haft bes\u00f8g af MTSK er skoler som har haft \u201cAfrika-emne(uge)\u201d. Her har vi haft vores fysiske MTSK &#8211; spil med, som giver en forst\u00e5else af generelle problematikker i Afrika samt de kulturelle forskelle der er mellem Kenya og Danmark.<\/p>\n<p>Spillet kr\u00e6ver gulvplads, da spillerne skal flytte sig afh\u00e6ngigt af hvad kortene siger de skal g\u00f8re. Dette har vi erfaret har v\u00e6re en st\u00e6rk l\u00e6ringsmetode, da det giver stof til eftertanke hos eleverne.<span class=\"Apple-converted-space\">\u00a0<\/span><\/p>\n<p>Kunne dette v\u00e6re interessant for din klasse eller skole? S\u00e5 skriv til os, og vi finder en dag og s\u00f8rger for en rigtig god Afrika-dag !<\/p>\n<p>Vi gl\u00e6der os til at h\u00f8re fra dig.<span class=\"Apple-converted-space\">\u00a0<\/span><\/p>\n<p><em>De bedste hilsener<br \/>\n<\/em><em>Ditte Engelbrecht S\u00f8rensen\u00a0<\/em><\/p>\n\n\t\t<\/div>\n\t<\/div>\n<\/div><\/div><\/div><div class=\"wpb_column vc_column_container vc_col-sm-4\"><div class=\"vc_column-inner \"><div class=\"wpb_wrapper\">\n\t<div class=\"wpb_single_image wpb_content_element vc_align_left\">\n\t\t\n\t\t<figure class=\"wpb_wrapper vc_figure\">\n\t\t\t<div class=\"vc_single_image-wrapper   vc_box_border_grey\"><img width=\"300\" height=\"225\" src=\"https:\/\/makethemsmilekenya.org\/wp-content\/uploads\/2022\/01\/Boerneforedrag-300x225.jpg\" class=\"vc_single_image-img attachment-medium\" alt=\"\" decoding=\"async\" loading=\"lazy\" srcset=\"https:\/\/makethemsmilekenya.org\/wp-content\/uploads\/2022\/01\/Boerneforedrag-300x225.jpg 300w, https:\/\/makethemsmilekenya.org\/wp-content\/uploads\/2022\/01\/Boerneforedrag-1024x768.jpg 1024w, https:\/\/makethemsmilekenya.org\/wp-content\/uploads\/2022\/01\/Boerneforedrag-768x576.jpg 768w, https:\/\/makethemsmilekenya.org\/wp-content\/uploads\/2022\/01\/Boerneforedrag-1536x1152.jpg 1536w, https:\/\/makethemsmilekenya.org\/wp-content\/uploads\/2022\/01\/Boerneforedrag-16x12.jpg 16w, https:\/\/makethemsmilekenya.org\/wp-content\/uploads\/2022\/01\/Boerneforedrag-400x300.jpg 400w, https:\/\/makethemsmilekenya.org\/wp-content\/uploads\/2022\/01\/Boerneforedrag.jpg 2048w\" sizes=\"(max-width: 300px) 100vw, 300px\" \/><\/div>\n\t\t<\/figure>\n\t<\/div>\n\n\t<div class=\"wpb_text_column wpb_content_element \">\n\t\t<div class=\"wpb_wrapper\">\n\t\t\t<p>Foredrag hos 4 \u00e5rgang p\u00e5 M\u00f8lleskolen i Ry<\/p>\n\n\t\t<\/div>\n\t<\/div>\n\n\t<div class=\"wpb_single_image wpb_content_element vc_align_left\">\n\t\t\n\t\t<figure class=\"wpb_wrapper vc_figure\">\n\t\t\t<div class=\"vc_single_image-wrapper   vc_box_border_grey\"><img width=\"300\" height=\"225\" src=\"https:\/\/makethemsmilekenya.org\/wp-content\/uploads\/2022\/01\/Aeldreforedrag-300x225.jpg\" class=\"vc_single_image-img attachment-medium\" alt=\"\" decoding=\"async\" loading=\"lazy\" srcset=\"https:\/\/makethemsmilekenya.org\/wp-content\/uploads\/2022\/01\/Aeldreforedrag-300x225.jpg 300w, https:\/\/makethemsmilekenya.org\/wp-content\/uploads\/2022\/01\/Aeldreforedrag-1024x767.jpg 1024w, https:\/\/makethemsmilekenya.org\/wp-content\/uploads\/2022\/01\/Aeldreforedrag-768x575.jpg 768w, https:\/\/makethemsmilekenya.org\/wp-content\/uploads\/2022\/01\/Aeldreforedrag-16x12.jpg 16w, https:\/\/makethemsmilekenya.org\/wp-content\/uploads\/2022\/01\/Aeldreforedrag-400x300.jpg 400w, https:\/\/makethemsmilekenya.org\/wp-content\/uploads\/2022\/01\/Aeldreforedrag.jpg 1125w\" sizes=\"(max-width: 300px) 100vw, 300px\" \/><\/div>\n\t\t<\/figure>\n\t<\/div>\n\n\t<div class=\"wpb_text_column wpb_content_element \">\n\t\t<div class=\"wpb_wrapper\">\n\t\t\t<p>Foredrag hos Y\u2019s mens udvalgsm\u00e6nd fra klubberne i distrikt Syd\u00f8stjylland.<\/p>\n\n\t\t<\/div>\n\t<\/div>\n<\/div><\/div><\/div><\/div>\n","protected":false},"excerpt":{"rendered":"Bes\u00f8g af Make Them Smile Kenya \u00d8nsker du at f\u00e5 bes\u00f8g af MTSK, kan du til enhver tid kontakte os ved at sende en mail p\u00e5 info@makethemsmilekenya.org, og vi vil vende retur hurtigst muligt. Et bes\u00f8g fra MTSK indeb\u00e6rer historien bag os, hvad vi laver nede i Kenya, hvem vi er og hvad vores mission er. Vi kan blandt andet<div class=\"h10\"><\/div><a class=\"more-link1\" href=\"https:\/\/makethemsmilekenya.org\/da_dk\/besoeg-af-make-them-smile-kenya\/\">Read more<\/a>","protected":false},"author":6,"featured_media":0,"parent":0,"menu_order":0,"comment_status":"closed","ping_status":"closed","template":"","meta":{"_mi_skip_tracking":false},"_links":{"self":[{"href":"https:\/\/makethemsmilekenya.org\/da_dk\/wp-json\/wp\/v2\/pages\/2173"}],"collection":[{"href":"https:\/\/makethemsmilekenya.org\/da_dk\/wp-json\/wp\/v2\/pages"}],"about":[{"href":"https:\/\/makethemsmilekenya.org\/da_dk\/wp-json\/wp\/v2\/types\/page"}],"author":[{"embeddable":true,"href":"https:\/\/makethemsmilekenya.org\/da_dk\/wp-json\/wp\/v2\/users\/6"}],"replies":[{"embeddable":true,"href":"https:\/\/makethemsmilekenya.org\/da_dk\/wp-json\/wp\/v2\/comments?post=2173"}],"version-history":[{"count":5,"href":"https:\/\/makethemsmilekenya.org\/da_dk\/wp-json\/wp\/v2\/pages\/2173\/revisions"}],"predecessor-version":[{"id":2176,"href":"https:\/\/makethemsmilekenya.org\/da_dk\/wp-json\/wp\/v2\/pages\/2173\/revisions\/2176"}],"wp:attachment":[{"href":"https:\/\/makethemsmilekenya.org\/da_dk\/wp-json\/wp\/v2\/media?parent=2173"}],"curies":[{"name":"wp","href":"https:\/\/api.w.org\/{rel}","templated":true}]}}