{"id":1712,"date":"2020-07-23T21:24:23","date_gmt":"2020-07-23T19:24:23","guid":{"rendered":"http:\/\/makethemsmilekenya.org\/?page_id=1712"},"modified":"2022-04-05T15:46:40","modified_gmt":"2022-04-05T13:46:40","slug":"vedtaegter","status":"publish","type":"page","link":"https:\/\/makethemsmilekenya.org\/da_dk\/vedtaegter\/","title":{"rendered":"Vedt\u00e6gter"},"content":{"rendered":"\t\t<div data-elementor-type=\"wp-page\" data-elementor-id=\"1712\" class=\"elementor elementor-1712\">\n\t\t\t\t\t\t<div class=\"elementor-inner\">\n\t\t\t\t<div class=\"elementor-section-wrap\">\n\t\t\t\t\t\t\t\t\t<section class=\"elementor-section elementor-top-section elementor-element elementor-element-ea2572e elementor-section-content-middle elementor-section-boxed elementor-section-height-default elementor-section-height-default\" data-id=\"ea2572e\" data-element_type=\"section\">\n\t\t\t\t\t\t<div class=\"elementor-container elementor-column-gap-no\">\n\t\t\t\t\t\t\t<div class=\"elementor-row\">\n\t\t\t\t\t<div class=\"elementor-column elementor-col-100 elementor-top-column elementor-element elementor-element-7e7f20e9\" data-id=\"7e7f20e9\" data-element_type=\"column\">\n\t\t\t<div class=\"elementor-column-wrap elementor-element-populated\">\n\t\t\t\t\t\t\t<div class=\"elementor-widget-wrap\">\n\t\t\t\t\t\t<div class=\"elementor-element elementor-element-2e3cd924 elementor-widget elementor-widget-heading\" data-id=\"2e3cd924\" data-element_type=\"widget\" data-widget_type=\"heading.default\">\n\t\t\t\t<div class=\"elementor-widget-container\">\n\t\t\t<h1 class=\"elementor-heading-title elementor-size-default\"><font color=\"#60aa56\" face=\"Raleway, Montserrat, Arial, Helvetica, sans-serif\"><span style=\"caret-color: rgb(96, 170, 86); font-size: 27px; letter-spacing: -0.027000000700354576px;\">Vedt\u00e6gter<\/span><\/font><\/h1>\t\t<\/div>\n\t\t\t\t<\/div>\n\t\t\t\t<div class=\"elementor-element elementor-element-66d43c4f elementor-widget elementor-widget-toggle\" data-id=\"66d43c4f\" data-element_type=\"widget\" data-widget_type=\"toggle.default\">\n\t\t\t\t<div class=\"elementor-widget-container\">\n\t\t\t\t\t<div class=\"elementor-toggle\" role=\"tablist\">\n\t\t\t\t\t\t\t<div class=\"elementor-toggle-item\">\n\t\t\t\t\t<div id=\"elementor-tab-title-1721\" class=\"elementor-tab-title\" data-tab=\"1\" role=\"tab\" aria-controls=\"elementor-tab-content-1721\" aria-expanded=\"false\">\n\t\t\t\t\t\t\t\t\t\t\t\t<span class=\"elementor-toggle-icon elementor-toggle-icon-right\" aria-hidden=\"true\">\n\t\t\t\t\t\t\t\t\t\t\t\t\t\t\t<span class=\"elementor-toggle-icon-closed\"><i class=\"fas fa-caret-right\"><\/i><\/span>\n\t\t\t\t\t\t\t\t<span class=\"elementor-toggle-icon-opened\"><i class=\"elementor-toggle-icon-opened fas fa-caret-up\"><\/i><\/span>\n\t\t\t\t\t\t\t\t\t\t\t\t\t<\/span>\n\t\t\t\t\t\t\t\t\t\t\t\t<a href=\"\" class=\"elementor-toggle-title\">Overordnede form\u00e5l<\/a>\n\t\t\t\t\t<\/div>\n\n\t\t\t\t\t<div id=\"elementor-tab-content-1721\" class=\"elementor-tab-content elementor-clearfix\" data-tab=\"1\" role=\"tabpanel\" aria-labelledby=\"elementor-tab-title-1721\"><p>Foreningens form\u00e5l er at udsatte b\u00f8rn inkluderes i det sociale \u00f8konomiske liv p\u00e5 lige fod med andre b\u00f8rn. For p\u00e5 den m\u00e5de at sikre, at de opn\u00e5r adgang til uddannelse, sundhed og andre relevante serviceydelser i lokalsamfundet. P\u00e5 sigt vil b\u00f8rnene herigennem potentielt kunne opn\u00e5 kompetencer og handlemuligheder, der s\u00e6tter dem bedre i stand til at agere aktivt i deres lokalsamfund, blive en del af den lokale beslutningstagen, samt v\u00e6re bedre stillede til at kunne h\u00e5ndh\u00e6ve deres rettigheder.\u00a0<\/p><\/div>\n\t\t\t\t<\/div>\n\t\t\t\t\t\t\t<div class=\"elementor-toggle-item\">\n\t\t\t\t\t<div id=\"elementor-tab-title-1722\" class=\"elementor-tab-title\" data-tab=\"2\" role=\"tab\" aria-controls=\"elementor-tab-content-1722\" aria-expanded=\"false\">\n\t\t\t\t\t\t\t\t\t\t\t\t<span class=\"elementor-toggle-icon elementor-toggle-icon-right\" aria-hidden=\"true\">\n\t\t\t\t\t\t\t\t\t\t\t\t\t\t\t<span class=\"elementor-toggle-icon-closed\"><i class=\"fas fa-caret-right\"><\/i><\/span>\n\t\t\t\t\t\t\t\t<span class=\"elementor-toggle-icon-opened\"><i class=\"elementor-toggle-icon-opened fas fa-caret-up\"><\/i><\/span>\n\t\t\t\t\t\t\t\t\t\t\t\t\t<\/span>\n\t\t\t\t\t\t\t\t\t\t\t\t<a href=\"\" class=\"elementor-toggle-title\">Medlemmer<\/a>\n\t\t\t\t\t<\/div>\n\n\t\t\t\t\t<div id=\"elementor-tab-content-1722\" class=\"elementor-tab-content elementor-clearfix\" data-tab=\"2\" role=\"tabpanel\" aria-labelledby=\"elementor-tab-title-1722\"><p>Enhver, som bidrager med et fast m\u00e5nedligt bel\u00f8b eller med et minimumsbel\u00f8b p\u00e5 120 kroner om \u00e5ret, og som tilslutter sig foreningens form\u00e5l og idegrundlag, er medlem af foreningen.<br>Et medlem, som ikke respekterer n\u00e6rv\u00e6rende vedt\u00e6gter eller beslutninger, som er vedtaget p\u00e5 generalforsamlingen, kan af bestyrelsen eksluderes af foreningen.<\/p><p>Optagelse sker via foreningens hjemmeside eller via e mail henvendelse til foreningen: info@makethemsmilekenya.org<br>Evt. udmeldelse sker ligeledes pr. mail.<br>Medlemsgebyret er p\u00e5 min. 100,- kr. pr. \u00e5r (kan \u00e6ndres ved n\u00e6ste generalforsamling)<\/p><\/div>\n\t\t\t\t<\/div>\n\t\t\t\t\t\t\t<div class=\"elementor-toggle-item\">\n\t\t\t\t\t<div id=\"elementor-tab-title-1723\" class=\"elementor-tab-title\" data-tab=\"3\" role=\"tab\" aria-controls=\"elementor-tab-content-1723\" aria-expanded=\"false\">\n\t\t\t\t\t\t\t\t\t\t\t\t<span class=\"elementor-toggle-icon elementor-toggle-icon-right\" aria-hidden=\"true\">\n\t\t\t\t\t\t\t\t\t\t\t\t\t\t\t<span class=\"elementor-toggle-icon-closed\"><i class=\"fas fa-caret-right\"><\/i><\/span>\n\t\t\t\t\t\t\t\t<span class=\"elementor-toggle-icon-opened\"><i class=\"elementor-toggle-icon-opened fas fa-caret-up\"><\/i><\/span>\n\t\t\t\t\t\t\t\t\t\t\t\t\t<\/span>\n\t\t\t\t\t\t\t\t\t\t\t\t<a href=\"\" class=\"elementor-toggle-title\">General forsamling<\/a>\n\t\t\t\t\t<\/div>\n\n\t\t\t\t\t<div id=\"elementor-tab-content-1723\" class=\"elementor-tab-content elementor-clearfix\" data-tab=\"3\" role=\"tabpanel\" aria-labelledby=\"elementor-tab-title-1723\"><p>Generalforsamlingen er foreningens h\u00f8jeste myndighed.<\/p>\n<p>Ordin\u00e6r generalforsamling holdes en gang \u00e5rligt, seneste ved udgangen af maj m\u00e5ned og indvarsles ved e-mail til samtlige medlemmer senest 30 dage f\u00f8r<br>Dagsordenen for den ordin\u00e6re generalforsamling skal mindst indeholde f\u00f8lgende punkter:<\/p>\n<ol><li>Valg af dirigent<\/li>\n<li>Bestyrelsens beretning om foreningens virksomhed i det forl\u00f8bne \u00e5r<\/li>\n<li>De reviderede regnskab forel\u00e6gges til godkendes<\/li>\n<li>Eventuelle forslag<\/li>\n<li>Fasts\u00e6ttelse af kontingent<\/li>\n<li>Valg af bestyrelse og bestyrelsessuppleanter<\/li>\n<li>Valg af revisor\/bilagskontrollant<\/li>\n<li>Eventuelt<\/li><\/ol>\n<p>Forslag til behandling under dagsordenens punkt 4 skal ved navns underskrift tilstilles et bestyrelsesmedlem senest 14 dage f\u00f8r generalforsamlingens afholdelse.<\/p>\n<p>Ekstraordin\u00e6r generalforsamling kan indkaldes af bestyrelsen med fjorten dages varsel og skal afholdes efter en til bestyrelsen skriftligt fremsat beg\u00e6ring med angivelse af dagsorden fra 3 medlemmer senest fire uger efter, at en s\u00e5dan beg\u00e6ring er modtaget.<br><\/p>\n<p>Alle beslutninger p\u00e5 en generalforsamling tr\u00e6ffes ved almindeligt stemmeflertal. Den til enhver tid lovligt indvarslede generalforsamling er beslutningskyndig. Kun medlemmer med gyldig kvittering for betalt medlemskab kan afgive stemme til generalforsamlingen.<br>Ingen kan som fuldm\u00e6gtig p\u00e5 generalforsamlingen repr\u00e6senter mere end et medlem.<\/p>\n<p>Over det p\u00e5 generalforsamlingen passerede f\u00f8res en protokol, der underskrives af dirigenten.<\/p><\/div>\n\t\t\t\t<\/div>\n\t\t\t\t\t\t\t<div class=\"elementor-toggle-item\">\n\t\t\t\t\t<div id=\"elementor-tab-title-1724\" class=\"elementor-tab-title\" data-tab=\"4\" role=\"tab\" aria-controls=\"elementor-tab-content-1724\" aria-expanded=\"false\">\n\t\t\t\t\t\t\t\t\t\t\t\t<span class=\"elementor-toggle-icon elementor-toggle-icon-right\" aria-hidden=\"true\">\n\t\t\t\t\t\t\t\t\t\t\t\t\t\t\t<span class=\"elementor-toggle-icon-closed\"><i class=\"fas fa-caret-right\"><\/i><\/span>\n\t\t\t\t\t\t\t\t<span class=\"elementor-toggle-icon-opened\"><i class=\"elementor-toggle-icon-opened fas fa-caret-up\"><\/i><\/span>\n\t\t\t\t\t\t\t\t\t\t\t\t\t<\/span>\n\t\t\t\t\t\t\t\t\t\t\t\t<a href=\"\" class=\"elementor-toggle-title\">Ledelse<\/a>\n\t\t\t\t\t<\/div>\n\n\t\t\t\t\t<div id=\"elementor-tab-content-1724\" class=\"elementor-tab-content elementor-clearfix\" data-tab=\"4\" role=\"tabpanel\" aria-labelledby=\"elementor-tab-title-1724\"><p>Foreningens ledelse af en bestyrelse af 3-7 medlemmer, der v\u00e6lges for 2 \u00e5r ad gangen. Ved den f\u00f8rste ordin\u00e6re generalforsamling efter stiftelsen er 3 bestyrelsesmedlemmer p\u00e5 valg. R\u00e6kkef\u00f8lgen findes ved lodtr\u00e6kning.<br \/>Bestyrelsen konstituerer sig selv med formand, n\u00e6stformand, kasserer og sekret\u00e6r.<\/p><p>Bestyrelsen fasts\u00e6tter selv sin forretningsorden og tr\u00e6ffer de beslutninger, der er n\u00f8dvendige for foreningens drift.<br \/>Foreningen forpligtes ved underskrift af to bestyrelsesmedlemmer, hvoraf den ene skal v\u00e6re formand eller n\u00e6stformand.<br \/>Ved k\u00f8b, pants\u00e6tning eller salg af fast ejendom kr\u00e6ves dog underskrift af den samlede bestyrelse. Der kan meddeles enkeltpersoner prokura.<\/p><\/div>\n\t\t\t\t<\/div>\n\t\t\t\t\t\t\t<div class=\"elementor-toggle-item\">\n\t\t\t\t\t<div id=\"elementor-tab-title-1725\" class=\"elementor-tab-title\" data-tab=\"5\" role=\"tab\" aria-controls=\"elementor-tab-content-1725\" aria-expanded=\"false\">\n\t\t\t\t\t\t\t\t\t\t\t\t<span class=\"elementor-toggle-icon elementor-toggle-icon-right\" aria-hidden=\"true\">\n\t\t\t\t\t\t\t\t\t\t\t\t\t\t\t<span class=\"elementor-toggle-icon-closed\"><i class=\"fas fa-caret-right\"><\/i><\/span>\n\t\t\t\t\t\t\t\t<span class=\"elementor-toggle-icon-opened\"><i class=\"elementor-toggle-icon-opened fas fa-caret-up\"><\/i><\/span>\n\t\t\t\t\t\t\t\t\t\t\t\t\t<\/span>\n\t\t\t\t\t\t\t\t\t\t\t\t<a href=\"\" class=\"elementor-toggle-title\">H\u00e6ftelse<\/a>\n\t\t\t\t\t<\/div>\n\n\t\t\t\t\t<div id=\"elementor-tab-content-1725\" class=\"elementor-tab-content elementor-clearfix\" data-tab=\"5\" role=\"tabpanel\" aria-labelledby=\"elementor-tab-title-1725\"><p>Foreningen h\u00e6fter kun for sine forpligtelser med den af foreningen til enhver tid tilh\u00f8rende formue. Der p\u00e5hviler ikke foreningens medlemmer eller bestyrelse nogen personlig h\u00e6ftelse.<\/p><\/div>\n\t\t\t\t<\/div>\n\t\t\t\t\t\t\t<div class=\"elementor-toggle-item\">\n\t\t\t\t\t<div id=\"elementor-tab-title-1726\" class=\"elementor-tab-title\" data-tab=\"6\" role=\"tab\" aria-controls=\"elementor-tab-content-1726\" aria-expanded=\"false\">\n\t\t\t\t\t\t\t\t\t\t\t\t<span class=\"elementor-toggle-icon elementor-toggle-icon-right\" aria-hidden=\"true\">\n\t\t\t\t\t\t\t\t\t\t\t\t\t\t\t<span class=\"elementor-toggle-icon-closed\"><i class=\"fas fa-caret-right\"><\/i><\/span>\n\t\t\t\t\t\t\t\t<span class=\"elementor-toggle-icon-opened\"><i class=\"elementor-toggle-icon-opened fas fa-caret-up\"><\/i><\/span>\n\t\t\t\t\t\t\t\t\t\t\t\t\t<\/span>\n\t\t\t\t\t\t\t\t\t\t\t\t<a href=\"\" class=\"elementor-toggle-title\">Regnskabs\u00e5r<\/a>\n\t\t\t\t\t<\/div>\n\n\t\t\t\t\t<div id=\"elementor-tab-content-1726\" class=\"elementor-tab-content elementor-clearfix\" data-tab=\"6\" role=\"tabpanel\" aria-labelledby=\"elementor-tab-title-1726\"><p>Foreningens regnskabs\u00e5r er fra 1. januar til 31. december. P\u00e5 hvert \u00e5rs ordin\u00e6re generalforsamling fasts\u00e6ttes n\u00e6ste \u00e5rs kontingent af generalforsamling.<\/p><p>Revision finder sted en gang \u00e5rligt efter regnskabs\u00e5rets slutning. Uanmeldt Kasseeftersyn kan finde sted, n\u00e5r revisoren \u00f8nsker det.<br \/>Regnskab og status skal forsynes med revisionsp\u00e5tegning af foreningens revisor.<\/p><p>Regnskabet, der freml\u00e6gges p\u00e5 generalforsamlingen, skal ikke revideres men dog gennemses af en valgt kritisk bilagskontrollant \u2013 et medlem i organisationen.<\/p><p>Regnskabet til indsamlingsn\u00e6vnet skal laves af en revisor.<\/p><\/div>\n\t\t\t\t<\/div>\n\t\t\t\t\t\t\t<div class=\"elementor-toggle-item\">\n\t\t\t\t\t<div id=\"elementor-tab-title-1727\" class=\"elementor-tab-title\" data-tab=\"7\" role=\"tab\" aria-controls=\"elementor-tab-content-1727\" aria-expanded=\"false\">\n\t\t\t\t\t\t\t\t\t\t\t\t<span class=\"elementor-toggle-icon elementor-toggle-icon-right\" aria-hidden=\"true\">\n\t\t\t\t\t\t\t\t\t\t\t\t\t\t\t<span class=\"elementor-toggle-icon-closed\"><i class=\"fas fa-caret-right\"><\/i><\/span>\n\t\t\t\t\t\t\t\t<span class=\"elementor-toggle-icon-opened\"><i class=\"elementor-toggle-icon-opened fas fa-caret-up\"><\/i><\/span>\n\t\t\t\t\t\t\t\t\t\t\t\t\t<\/span>\n\t\t\t\t\t\t\t\t\t\t\t\t<a href=\"\" class=\"elementor-toggle-title\">VEDT\u00c6GTS\u00c6NDRING OG FORENINGENS OPL\u00d8SNING<\/a>\n\t\t\t\t\t<\/div>\n\n\t\t\t\t\t<div id=\"elementor-tab-content-1727\" class=\"elementor-tab-content elementor-clearfix\" data-tab=\"7\" role=\"tabpanel\" aria-labelledby=\"elementor-tab-title-1727\"><p>\u00c6ndring af n\u00e6rv\u00e6rende vedt\u00e6gter kr\u00e6ver, at 2\/3 af foreningens medlemmer stemmer herfor. Er 2\/3 af foreningens medlemmer ikke tilstede, kan bestyrelsen indkalde til ekstra ordin\u00e6r generalforsamling, der tidligst kan afholdes 3 uger efter.<br \/>Der skal i indkaldelsen redeg\u00f8res for forslaget. P\u00e5 den nye generalforsamling kan vedt\u00e6gts\u00e6ndringen vedtages af 2\/3 af de repr\u00e6senterede stemmer.<br \/>Stk. 1 g\u00e6lder ligeledes vedr\u00f8rende foreningens opl\u00f8sning.<\/p><p>Ved foreningens opl\u00f8sning tilfalder alle v\u00e6rdier b\u00f8rnehjemmet i Kwale, Kenya, og der skal findes en passende stabil organisation eller person, til at varetage driften og ansvaret for alle b\u00f8rn tilknyttet b\u00f8rnehjemmet.<br \/>Hvis denne ikke eksisterer overdrages der i stedet til en tilsvarende organisation\/NGO, som udpeges af den bestyrelse, som opl\u00f8ser foreningen.<br \/>Ingen privatperson kan overtage v\u00e6rdier fra organisationen<\/p><\/div>\n\t\t\t\t<\/div>\n\t\t\t\t\t\t\t\t<\/div>\n\t\t\t\t<\/div>\n\t\t\t\t<\/div>\n\t\t\t\t\t\t<\/div>\n\t\t\t\t\t<\/div>\n\t\t<\/div>\n\t\t\t\t\t\t\t\t<\/div>\n\t\t\t\t\t<\/div>\n\t\t<\/section>\n\t\t\t\t<section class=\"elementor-section elementor-top-section elementor-element elementor-element-79a9565 elementor-section-boxed elementor-section-height-default elementor-section-height-default\" data-id=\"79a9565\" data-element_type=\"section\">\n\t\t\t\t\t\t<div class=\"elementor-container elementor-column-gap-default\">\n\t\t\t\t\t\t\t<div class=\"elementor-row\">\n\t\t\t\t\t<div class=\"elementor-column elementor-col-100 elementor-top-column elementor-element elementor-element-67e8000\" data-id=\"67e8000\" data-element_type=\"column\">\n\t\t\t<div class=\"elementor-column-wrap elementor-element-populated\">\n\t\t\t\t\t\t\t<div class=\"elementor-widget-wrap\">\n\t\t\t\t\t\t<div class=\"elementor-element elementor-element-26fffac elementor-widget elementor-widget-text-editor\" data-id=\"26fffac\" data-element_type=\"widget\" data-widget_type=\"text-editor.default\">\n\t\t\t\t<div class=\"elementor-widget-container\">\n\t\t\t\t\t\t\t\t<div class=\"elementor-text-editor elementor-clearfix\">\n\t\t\t\t<div class=\"content_body\"><div id=\"post-358\" class=\"post-358 page type-page status-publish hentry\"><div class=\"container\"><div class=\"section\"><div class=\"post_content\"><div class=\"vc_row wpb_row vc_row-fluid\"><div class=\"wpb_column vc_column_container vc_col-sm-12\"><div class=\"vc_column-inner \"><div class=\"wpb_wrapper\"><div class=\"vc_row wpb_row vc_inner vc_row-fluid\"><div class=\"wpb_column vc_column_container vc_col-sm-12\"><div class=\"vc_column-inner \"><div class=\"wpb_wrapper\"><div class=\"wpb_text_column wpb_content_element \"><div class=\"wpb_wrapper\"><p style=\"text-align: left;\"><em>Godkendt af bestyrelsen den 17\/03 2017.<\/em><\/p><\/div><\/div><\/div><\/div><\/div><\/div><\/div><\/div><\/div><\/div><\/div><\/div><\/div><\/div><\/div>\t\t\t\t\t<\/div>\n\t\t\t\t\t\t<\/div>\n\t\t\t\t<\/div>\n\t\t\t\t\t\t<\/div>\n\t\t\t\t\t<\/div>\n\t\t<\/div>\n\t\t\t\t\t\t\t\t<\/div>\n\t\t\t\t\t<\/div>\n\t\t<\/section>\n\t\t\t\t\t\t\t\t\t<\/div>\n\t\t\t<\/div>\n\t\t\t\t\t<\/div>\n\t\t","protected":false},"excerpt":{"rendered":"<p>Vedt\u00e6gter Overordnede form\u00e5l Foreningens form\u00e5l er at udsatte b\u00f8rn inkluderes i det sociale \u00f8konomiske liv p\u00e5 lige fod med andre b\u00f8rn. For p\u00e5 den m\u00e5de at sikre, at de opn\u00e5r adgang til uddannelse, sundhed og andre relevante serviceydelser i lokalsamfundet. P\u00e5 sigt vil b\u00f8rnene herigennem potentielt kunne opn\u00e5 kompetencer og handlemuligheder, der s\u00e6tter dem bedre i stand til at agere<\/p>\n<div class=\"h10\"><\/div>\n<p><a class=\"more-link1\" href=\"https:\/\/makethemsmilekenya.org\/da_dk\/vedtaegter\/\">Read more<\/a><\/p>\n","protected":false},"author":6,"featured_media":0,"parent":0,"menu_order":0,"comment_status":"closed","ping_status":"closed","template":"","meta":{"_mi_skip_tracking":false},"_links":{"self":[{"href":"https:\/\/makethemsmilekenya.org\/da_dk\/wp-json\/wp\/v2\/pages\/1712"}],"collection":[{"href":"https:\/\/makethemsmilekenya.org\/da_dk\/wp-json\/wp\/v2\/pages"}],"about":[{"href":"https:\/\/makethemsmilekenya.org\/da_dk\/wp-json\/wp\/v2\/types\/page"}],"author":[{"embeddable":true,"href":"https:\/\/makethemsmilekenya.org\/da_dk\/wp-json\/wp\/v2\/users\/6"}],"replies":[{"embeddable":true,"href":"https:\/\/makethemsmilekenya.org\/da_dk\/wp-json\/wp\/v2\/comments?post=1712"}],"version-history":[{"count":5,"href":"https:\/\/makethemsmilekenya.org\/da_dk\/wp-json\/wp\/v2\/pages\/1712\/revisions"}],"predecessor-version":[{"id":2261,"href":"https:\/\/makethemsmilekenya.org\/da_dk\/wp-json\/wp\/v2\/pages\/1712\/revisions\/2261"}],"wp:attachment":[{"href":"https:\/\/makethemsmilekenya.org\/da_dk\/wp-json\/wp\/v2\/media?parent=1712"}],"curies":[{"name":"wp","href":"https:\/\/api.w.org\/{rel}","templated":true}]}}