{"id":166,"date":"2017-06-15T18:16:34","date_gmt":"2017-06-15T16:16:34","guid":{"rendered":"http:\/\/makethemsmilekenya.org\/?page_id=166"},"modified":"2022-07-26T13:00:14","modified_gmt":"2022-07-26T11:00:14","slug":"historie-2","status":"publish","type":"page","link":"https:\/\/makethemsmilekenya.org\/da_dk\/historie-2\/","title":{"rendered":"Artikler"},"content":{"rendered":"<div class=\"vc_row wpb_row vc_row-fluid\"><div class=\"wpb_column vc_column_container vc_col-sm-12\"><div class=\"vc_column-inner \"><div class=\"wpb_wrapper\"><div class=\"vc_row wpb_row vc_inner vc_row-fluid\"><div class=\"wpb_column vc_column_container vc_col-sm-12\"><div class=\"vc_column-inner \"><div class=\"wpb_wrapper\"><div class=\"boc_spacing \" style=\"height: 50px\"><\/div><h2 class=\"boc_heading  al_left  \"  style=\"margin-bottom: 20px;margin-top: 0px;color: #333;\"><span> <strong>Foredrag <\/strong> <\/span><\/h2><\/div><\/div><\/div><\/div><div class=\"vc_row wpb_row vc_inner vc_row-fluid\"><div class=\"wpb_column vc_column_container vc_col-sm-4\"><div class=\"vc_column-inner \"><div class=\"wpb_wrapper\">\r\n\t\t\t\t<a target=\"_self\" href=\"https:\/\/makethemsmilekenya.org\/besoeg-af-make-them-smile-kenya\"  title=\"\" class=\"pic_info_link_type1\">\r\n\t\t\t\t  <div class=\"boc_image_box portfolio_animator_class  \">\r\n\t\t\t\t\t<div class=\"pic_info type1\">\r\n\t\t\t\t\t\t<div class=\"pic \"><div class=\"plus_overlay\"><\/div><div class=\"plus_overlay_icon\"><\/div>\r\n\t\t\t\t\t\t<img width=\"600\" height=\"380\" src=\"https:\/\/makethemsmilekenya.org\/wp-content\/uploads\/2022\/01\/Boerneforedrag-600x380.jpg\" class=\"attachment-boc_medium size-boc_medium\" alt=\"\" decoding=\"async\" loading=\"lazy\" \/>\r\n\t\t\t\t\t\t<div class=\"img_overlay_icon\"><span class=\"portfolio_icon icon_link\"><\/span><\/div><\/div>\r\n\t\t\t\t\t\t<div class=\"info_overlay\">\r\n\t\t\t\t\t\t\t<div class=\"info_overlay_padding\">\r\n\t\t\t\t\t\t\t\t<div class=\"info_desc\">\r\n\t\t\t\t\t\t\t\t\t<span class=\"portfolio_icon icon_link\"><\/span>\t\t\t\t\r\n\t\t\t\t\t\t\t\t\t<h3>Bes\u00f8g af MTSK<\/h3>\r\n\t\t\t\t\t\t\t\t\t<p><\/p>\r\n\t\t\t\t\t\t\t\t<\/div>\r\n\t\t\t\t\t\t\t<\/div>\r\n\t\t\t\t\t\t<\/div>\r\n\t\t\t\t\t<\/div>\r\n\t\t\t\t  <\/div>\r\n\t\t\t\t<\/a>\r\n\t\t\t<\/div><\/div><\/div><div class=\"wpb_column vc_column_container vc_col-sm-4\"><div class=\"vc_column-inner \"><div class=\"wpb_wrapper\"><\/div><\/div><\/div><\/div><\/div><\/div><\/div><\/div><div class=\"vc_row wpb_row vc_row-fluid\"><div class=\"wpb_column vc_column_container vc_col-sm-12\"><div class=\"vc_column-inner \"><div class=\"wpb_wrapper\"><h2 class=\"boc_heading  al_left  \"  style=\"margin-bottom: 20px;margin-top: 0px;color: #333;\"><span><strong>Presse<\/strong><\/span><\/h2><div class=\"vc_row wpb_row vc_inner vc_row-fluid\"><div class=\"wpb_column vc_column_container vc_col-sm-4\"><div class=\"vc_column-inner \"><div class=\"wpb_wrapper\">\r\n\t\t\t\t<a target=\"_blank\" href=\"https:\/\/skanderborg.lokalavisen.dk\/kultur\/2019-12-24\/-24-%C3%A5rige-Ditte-bygger-b%C3%B8rnehjem-i-Mombasa-6959961.html\"  title=\"\" class=\"pic_info_link_type1\">\r\n\t\t\t\t  <div class=\"boc_image_box portfolio_animator_class  \">\r\n\t\t\t\t\t<div class=\"pic_info type1\">\r\n\t\t\t\t\t\t<div class=\"pic \"><div class=\"plus_overlay\"><\/div><div class=\"plus_overlay_icon\"><\/div>\r\n\t\t\t\t\t\t<img width=\"600\" height=\"380\" src=\"https:\/\/makethemsmilekenya.org\/wp-content\/uploads\/2020\/01\/24-a\u030arige_ditte_bygger_b\u00f8rnehjem_i_mombassa-600x380.jpeg\" class=\"attachment-boc_medium size-boc_medium\" alt=\"\" decoding=\"async\" loading=\"lazy\" \/>\r\n\t\t\t\t\t\t<div class=\"img_overlay_icon\"><span class=\"portfolio_icon icon_link\"><\/span><\/div><\/div>\r\n\t\t\t\t\t\t<div class=\"info_overlay\">\r\n\t\t\t\t\t\t\t<div class=\"info_overlay_padding\">\r\n\t\t\t\t\t\t\t\t<div class=\"info_desc\">\r\n\t\t\t\t\t\t\t\t\t<span class=\"portfolio_icon icon_link\"><\/span>\t\t\t\t\r\n\t\t\t\t\t\t\t\t\t<h3>24-\u00e5rige Ditte bygger b\u00f8rnehjem i Mombasa<\/h3>\r\n\t\t\t\t\t\t\t\t\t<p>2019<\/p>\r\n\t\t\t\t\t\t\t\t<\/div>\r\n\t\t\t\t\t\t\t<\/div>\r\n\t\t\t\t\t\t<\/div>\r\n\t\t\t\t\t<\/div>\r\n\t\t\t\t  <\/div>\r\n\t\t\t\t<\/a>\r\n\t\t\t<\/div><\/div><\/div><div class=\"wpb_column vc_column_container vc_col-sm-4\"><div class=\"vc_column-inner \"><div class=\"wpb_wrapper\">\r\n\t\t\t\t<a target=\"_blank\" href=\"https:\/\/jyllands-posten.dk\/premium\/indblik\/International\/ECE11667458\/en-24aarig-oestjyde-har-viet-sit-liv-til-gadeboern-i-kenya\/\"  title=\"\" class=\"pic_info_link_type1\">\r\n\t\t\t\t  <div class=\"boc_image_box portfolio_animator_class  \">\r\n\t\t\t\t\t<div class=\"pic_info type1\">\r\n\t\t\t\t\t\t<div class=\"pic \"><div class=\"plus_overlay\"><\/div><div class=\"plus_overlay_icon\"><\/div>\r\n\t\t\t\t\t\t<img width=\"600\" height=\"380\" src=\"https:\/\/makethemsmilekenya.org\/wp-content\/uploads\/2019\/11\/jyllandsposten-1-600x380.jpeg\" class=\"attachment-boc_medium size-boc_medium\" alt=\"\" decoding=\"async\" loading=\"lazy\" \/>\r\n\t\t\t\t\t\t<div class=\"img_overlay_icon\"><span class=\"portfolio_icon icon_link\"><\/span><\/div><\/div>\r\n\t\t\t\t\t\t<div class=\"info_overlay\">\r\n\t\t\t\t\t\t\t<div class=\"info_overlay_padding\">\r\n\t\t\t\t\t\t\t\t<div class=\"info_desc\">\r\n\t\t\t\t\t\t\t\t\t<span class=\"portfolio_icon icon_link\"><\/span>\t\t\t\t\r\n\t\t\t\t\t\t\t\t\t<h3>En 24-\u00e5rig \u00f8stjyde har viet sit liv til gadeb\u00f8rn i Kenya<\/h3>\r\n\t\t\t\t\t\t\t\t\t<p>2019<\/p>\r\n\t\t\t\t\t\t\t\t<\/div>\r\n\t\t\t\t\t\t\t<\/div>\r\n\t\t\t\t\t\t<\/div>\r\n\t\t\t\t\t<\/div>\r\n\t\t\t\t  <\/div>\r\n\t\t\t\t<\/a>\r\n\t\t\t<\/div><\/div><\/div><div class=\"wpb_column vc_column_container vc_col-sm-4\"><div class=\"vc_column-inner \"><div class=\"wpb_wrapper\">\r\n\t\t\t\t<a target=\"_self\" href=\"http:\/\/makethemsmilekenya.org\/historie-2\/artikel-i-midtjyllandsavis-2\/\"  title=\"\" class=\"pic_info_link_type1\">\r\n\t\t\t\t  <div class=\"boc_image_box portfolio_animator_class  \">\r\n\t\t\t\t\t<div class=\"pic_info type1\">\r\n\t\t\t\t\t\t<div class=\"pic \"><div class=\"plus_overlay\"><\/div><div class=\"plus_overlay_icon\"><\/div>\r\n\t\t\t\t\t\t<img width=\"600\" height=\"380\" src=\"https:\/\/makethemsmilekenya.org\/wp-content\/uploads\/2018\/11\/DSC_0658-600x380.jpg\" class=\"attachment-boc_medium size-boc_medium\" alt=\"\" decoding=\"async\" loading=\"lazy\" \/>\r\n\t\t\t\t\t\t<div class=\"img_overlay_icon\"><span class=\"portfolio_icon icon_link\"><\/span><\/div><\/div>\r\n\t\t\t\t\t\t<div class=\"info_overlay\">\r\n\t\t\t\t\t\t\t<div class=\"info_overlay_padding\">\r\n\t\t\t\t\t\t\t\t<div class=\"info_desc\">\r\n\t\t\t\t\t\t\t\t\t<span class=\"portfolio_icon icon_link\"><\/span>\t\t\t\t\r\n\t\t\t\t\t\t\t\t\t<h3>Ry-piges b\u00f8rnehjem i Kenya er blevet en lokal m\u00e6rkesag<\/h3>\r\n\t\t\t\t\t\t\t\t\t<p>2018<\/p>\r\n\t\t\t\t\t\t\t\t<\/div>\r\n\t\t\t\t\t\t\t<\/div>\r\n\t\t\t\t\t\t<\/div>\r\n\t\t\t\t\t<\/div>\r\n\t\t\t\t  <\/div>\r\n\t\t\t\t<\/a>\r\n\t\t\t<\/div><\/div><\/div><\/div><div class=\"vc_row wpb_row vc_inner vc_row-fluid\"><div class=\"wpb_column vc_column_container vc_col-sm-4\"><div class=\"vc_column-inner \"><div class=\"wpb_wrapper\">\r\n\t\t\t\t<a target=\"_self\" href=\"http:\/\/makethemsmilekenya.org\/historie-2\/ditte-and-the-street-kids\/\"  title=\"\" class=\"pic_info_link_type1\">\r\n\t\t\t\t  <div class=\"boc_image_box portfolio_animator_class  \">\r\n\t\t\t\t\t<div class=\"pic_info type1\">\r\n\t\t\t\t\t\t<div class=\"pic \"><div class=\"plus_overlay\"><\/div><div class=\"plus_overlay_icon\"><\/div>\r\n\t\t\t\t\t\t<img width=\"600\" height=\"380\" src=\"https:\/\/makethemsmilekenya.org\/wp-content\/uploads\/2018\/06\/IMG_8464-600x380.jpg\" class=\"attachment-boc_medium size-boc_medium\" alt=\"\" decoding=\"async\" loading=\"lazy\" \/>\r\n\t\t\t\t\t\t<div class=\"img_overlay_icon\"><span class=\"portfolio_icon icon_link\"><\/span><\/div><\/div>\r\n\t\t\t\t\t\t<div class=\"info_overlay\">\r\n\t\t\t\t\t\t\t<div class=\"info_overlay_padding\">\r\n\t\t\t\t\t\t\t\t<div class=\"info_desc\">\r\n\t\t\t\t\t\t\t\t\t<span class=\"portfolio_icon icon_link\"><\/span>\t\t\t\t\r\n\t\t\t\t\t\t\t\t\t<h3>Ditte and the street kids <\/h3>\r\n\t\t\t\t\t\t\t\t\t<p>07\/06\/2018<\/p>\r\n\t\t\t\t\t\t\t\t<\/div>\r\n\t\t\t\t\t\t\t<\/div>\r\n\t\t\t\t\t\t<\/div>\r\n\t\t\t\t\t<\/div>\r\n\t\t\t\t  <\/div>\r\n\t\t\t\t<\/a>\r\n\t\t\t<\/div><\/div><\/div><div class=\"wpb_column vc_column_container vc_col-sm-4\"><div class=\"vc_column-inner \"><div class=\"wpb_wrapper\">\r\n\t\t\t\t<a target=\"_self\" href=\"http:\/\/makethemsmilekenya.org\/historie-2\/interview-med-radio24syv\/\"  title=\"\" class=\"pic_info_link_type1\">\r\n\t\t\t\t  <div class=\"boc_image_box portfolio_animator_class  \">\r\n\t\t\t\t\t<div class=\"pic_info type1\">\r\n\t\t\t\t\t\t<div class=\"pic \"><div class=\"plus_overlay\"><\/div><div class=\"plus_overlay_icon\"><\/div>\r\n\t\t\t\t\t\t<img width=\"600\" height=\"380\" src=\"https:\/\/makethemsmilekenya.org\/wp-content\/uploads\/2017\/09\/ditte-600x380.jpg\" class=\"attachment-boc_medium size-boc_medium\" alt=\"\" decoding=\"async\" loading=\"lazy\" \/>\r\n\t\t\t\t\t\t<div class=\"img_overlay_icon\"><span class=\"portfolio_icon icon_link\"><\/span><\/div><\/div>\r\n\t\t\t\t\t\t<div class=\"info_overlay\">\r\n\t\t\t\t\t\t\t<div class=\"info_overlay_padding\">\r\n\t\t\t\t\t\t\t\t<div class=\"info_desc\">\r\n\t\t\t\t\t\t\t\t\t<span class=\"portfolio_icon icon_link\"><\/span>\t\t\t\t\r\n\t\t\t\t\t\t\t\t\t<h3>interview i Radio24Syv<\/h3>\r\n\t\t\t\t\t\t\t\t\t<p>18\/07\/2017<\/p>\r\n\t\t\t\t\t\t\t\t<\/div>\r\n\t\t\t\t\t\t\t<\/div>\r\n\t\t\t\t\t\t<\/div>\r\n\t\t\t\t\t<\/div>\r\n\t\t\t\t  <\/div>\r\n\t\t\t\t<\/a>\r\n\t\t\t<\/div><\/div><\/div><div class=\"wpb_column vc_column_container vc_col-sm-4\"><div class=\"vc_column-inner \"><div class=\"wpb_wrapper\">\r\n\t\t\t\t<a target=\"_self\" href=\"http:\/\/makethemsmilekenya.org\/historie-2\/artikel-i-midtjyllandsavis\/\"  title=\"\" class=\"pic_info_link_type1\">\r\n\t\t\t\t  <div class=\"boc_image_box portfolio_animator_class  \">\r\n\t\t\t\t\t<div class=\"pic_info type1\">\r\n\t\t\t\t\t\t<div class=\"pic \"><div class=\"plus_overlay\"><\/div><div class=\"plus_overlay_icon\"><\/div>\r\n\t\t\t\t\t\t<img width=\"600\" height=\"380\" src=\"https:\/\/makethemsmilekenya.org\/wp-content\/uploads\/2017\/09\/ditte_midtjyllandsavis-600x380.jpg\" class=\"attachment-boc_medium size-boc_medium\" alt=\"\" decoding=\"async\" loading=\"lazy\" \/>\r\n\t\t\t\t\t\t<div class=\"img_overlay_icon\"><span class=\"portfolio_icon icon_link\"><\/span><\/div><\/div>\r\n\t\t\t\t\t\t<div class=\"info_overlay\">\r\n\t\t\t\t\t\t\t<div class=\"info_overlay_padding\">\r\n\t\t\t\t\t\t\t\t<div class=\"info_desc\">\r\n\t\t\t\t\t\t\t\t\t<span class=\"portfolio_icon icon_link\"><\/span>\t\t\t\t\r\n\t\t\t\t\t\t\t\t\t<h3>Midtjyllands Avis<\/h3>\r\n\t\t\t\t\t\t\t\t\t<p>11\/03\/2017<\/p>\r\n\t\t\t\t\t\t\t\t<\/div>\r\n\t\t\t\t\t\t\t<\/div>\r\n\t\t\t\t\t\t<\/div>\r\n\t\t\t\t\t<\/div>\r\n\t\t\t\t  <\/div>\r\n\t\t\t\t<\/a>\r\n\t\t\t<\/div><\/div><\/div><\/div><\/div><\/div><\/div><\/div>\n","protected":false},"excerpt":{"rendered":"Foredrag Bes\u00f8g af MTSK Presse 24-\u00e5rige Ditte bygger b\u00f8rnehjem i Mombasa 2019 En 24-\u00e5rig \u00f8stjyde har viet sit liv til gadeb\u00f8rn i Kenya 2019 Ry-piges b\u00f8rnehjem i Kenya er blevet en lokal m\u00e6rkesag 2018 Ditte and the street kids 07\/06\/2018 interview i Radio24Syv 18\/07\/2017 Midtjyllands Avis 11\/03\/2017","protected":false},"author":1,"featured_media":0,"parent":0,"menu_order":0,"comment_status":"closed","ping_status":"closed","template":"","meta":{"_mi_skip_tracking":false},"_links":{"self":[{"href":"https:\/\/makethemsmilekenya.org\/da_dk\/wp-json\/wp\/v2\/pages\/166"}],"collection":[{"href":"https:\/\/makethemsmilekenya.org\/da_dk\/wp-json\/wp\/v2\/pages"}],"about":[{"href":"https:\/\/makethemsmilekenya.org\/da_dk\/wp-json\/wp\/v2\/types\/page"}],"author":[{"embeddable":true,"href":"https:\/\/makethemsmilekenya.org\/da_dk\/wp-json\/wp\/v2\/users\/1"}],"replies":[{"embeddable":true,"href":"https:\/\/makethemsmilekenya.org\/da_dk\/wp-json\/wp\/v2\/comments?post=166"}],"version-history":[{"count":7,"href":"https:\/\/makethemsmilekenya.org\/da_dk\/wp-json\/wp\/v2\/pages\/166\/revisions"}],"predecessor-version":[{"id":2368,"href":"https:\/\/makethemsmilekenya.org\/da_dk\/wp-json\/wp\/v2\/pages\/166\/revisions\/2368"}],"wp:attachment":[{"href":"https:\/\/makethemsmilekenya.org\/da_dk\/wp-json\/wp\/v2\/media?parent=166"}],"curies":[{"name":"wp","href":"https:\/\/api.w.org\/{rel}","templated":true}]}}