{"id":162,"date":"2017-06-15T18:09:33","date_gmt":"2017-06-15T16:09:33","guid":{"rendered":"http:\/\/makethemsmilekenya.org\/?page_id=162"},"modified":"2022-04-05T15:54:51","modified_gmt":"2022-04-05T13:54:51","slug":"historien-om-make-them-smile-kenya","status":"publish","type":"page","link":"https:\/\/makethemsmilekenya.org\/da_dk\/historien-om-make-them-smile-kenya\/","title":{"rendered":"Historien om Make Them Smile Kenya"},"content":{"rendered":"<div class=\"vc_row wpb_row vc_row-fluid\"><div class=\"wpb_column vc_column_container vc_col-sm-12\"><div class=\"vc_column-inner \"><div class=\"wpb_wrapper\"><div class=\"boc_spacing \" style=\"height: 50px\"><\/div><h2 class=\"boc_heading  al_left  \"  style=\"margin-bottom: 20px;margin-top: 0px;color: #333;\"><span><strong> Historien om Make Them Smile Kenya<\/strong><\/span><\/h2><\/div><\/div><\/div><\/div><div class=\"vc_row wpb_row vc_row-fluid\"><div class=\"wpb_column vc_column_container vc_col-sm-6\"><div class=\"vc_column-inner \"><div class=\"wpb_wrapper\">\n\t<div class=\"wpb_text_column wpb_content_element \">\n\t\t<div class=\"wpb_wrapper\">\n\t\t\t<p>Make Them Smile Kenya er startet af danske Ditte Engelbrecht S\u00f8rensen, som er f\u00f8dt og\u00a0opvokset i Ry i \u00d8stjylland.<\/p>\n<p>I 2014 rejste hun til Kenya via organisationen ICYE (International Culture Youth Exchange) for at arbejde et \u00e5r som frivillig p\u00e5 et b\u00f8rnehjem for for\u00e6ldrel\u00f8se. Opholdet satte dybe spor, og Ditte blev klar over, at hun ikke kunne sige farvel til Kenya og gadeb\u00f8rnene. Hun vidste, at det, som b\u00f8rnene manglede allermest, var et hjem med trygge rammer og omsorg, og dette kunne hun ikke skabe hjemme fra Danmark. Dette blev s\u00e5ledes startskuddet til Dittes nye hjem i Kenya og projektet \u201cMake Them Smile Kenya\u201d, som er et b\u00f8rnehjem, der skal sikre, at for\u00e6ldrel\u00f8se gadeb\u00f8rn opn\u00e5r adgang til uddannelse, sundhed og andre relevante serviceydelser.<\/p>\n<p>Hjemme i Ry var der fra dag \u00e9t stor opm\u00e6rksomhed omkring Dittes engagement i Kenya.\u00a0 Der blev i lokalsamfundet iv\u00e6rksat indsamling af sportst\u00f8j, penge, leget\u00f8j samt andet, som kommer b\u00f8rnene til gavn. Igennem hj\u00e6lp fra b\u00f8rn p\u00e5 M\u00f8lleskolen, Ry hallerne, lokale virksomheder, Lions Club Ry og mange andre, kom der stort fokus p\u00e5 projektet, og den dag i dag henvender stadig mange af byens borgere sig til Ditte, for at st\u00f8tte og dermed g\u00f8re en forskel for projektet.<\/p>\n\n\t\t<\/div>\n\t<\/div>\n<\/div><\/div><\/div><div class=\"wpb_column vc_column_container vc_col-sm-6\"><div class=\"vc_column-inner \"><div class=\"wpb_wrapper\">\n\t<div class=\"wpb_single_image wpb_content_element vc_align_left\">\n\t\t\n\t\t<figure class=\"wpb_wrapper vc_figure\">\n\t\t\t<div class=\"vc_single_image-wrapper   vc_box_border_grey\"><img width=\"640\" height=\"478\" src=\"https:\/\/makethemsmilekenya.org\/wp-content\/uploads\/2017\/09\/ditte.jpg\" class=\"vc_single_image-img attachment-full\" alt=\"\" decoding=\"async\" loading=\"lazy\" srcset=\"https:\/\/makethemsmilekenya.org\/wp-content\/uploads\/2017\/09\/ditte.jpg 640w, https:\/\/makethemsmilekenya.org\/wp-content\/uploads\/2017\/09\/ditte-400x299.jpg 400w, https:\/\/makethemsmilekenya.org\/wp-content\/uploads\/2017\/09\/ditte-300x224.jpg 300w\" sizes=\"(max-width: 640px) 100vw, 640px\" \/><\/div>\n\t\t<\/figure>\n\t<\/div>\n<\/div><\/div><\/div><\/div><div class=\"vc_row wpb_row vc_row-fluid\"><div class=\"wpb_column vc_column_container vc_col-sm-12\"><div class=\"vc_column-inner \"><div class=\"wpb_wrapper\">\n\t<div class=\"wpb_text_column wpb_content_element \">\n\t\t<div class=\"wpb_wrapper\">\n\t\t\t<p>Ditte har de sidste par \u00e5r, med hj\u00e6lp fra andre frivillige, gjort meget for at synligg\u00f8re projektet. Hun har afholdt foredrag for blandt andet Lions Clubber, Rotary Clubber, Ys men og mange andre, hvilket har resulteret i donationer, som har muliggjort k\u00f8bet af grunden i Mombasa \u2013 Kwale.<\/p>\n\n\t\t<\/div>\n\t<\/div>\n<\/div><\/div><\/div><\/div><div class=\"vc_row wpb_row vc_row-fluid vc_custom_1572724544349 vc_row-has-fill vc_row-o-equal-height vc_row-o-content-middle vc_row-flex\"><div class=\"center wpb_column vc_column_container vc_col-sm-6\"><div class=\"vc_column-inner \"><div class=\"wpb_wrapper\"><div class=\"boc_spacing \" style=\"height: 50px\"><\/div><h1 class=\"boc_heading  center  \"  style=\"margin-bottom: 20px;margin-top: 0px;color: #ffffff;\"><span>Hj\u00e6lp Kenyas gadeb\u00f8rn<\/span><\/h1>\n\t<div class=\"wpb_text_column wpb_content_element \">\n\t\t<div class=\"wpb_wrapper\">\n\t\t\t<p><span style=\"color: #ffffff;\">Til at f\u00e5 et v\u00e6rdigt liv, v\u00e6k fra stoffer, prostitution og vold. Make Them Smile Kenya giver dem et hjem hvor de kan finde selvv\u00e6rd, k\u00e6rligheden og h\u00e5bet p\u00e5 en fremtid.<\/span><\/p>\n\n\t\t<\/div>\n\t<\/div>\n<a\thref=\"http:\/\/makethemsmilekenya.org\/stoet-os-2\/\" \n\t\t\tclass=\"button btn_medium btn_theme_color btn_rounded btn_normal_style    \"  target='_self'><span>St\u00f8t op<\/span><\/a><\/div><\/div><\/div><div class=\"wpb_column vc_column_container vc_col-sm-6\"><div class=\"vc_column-inner \"><div class=\"wpb_wrapper\">\n\t<div class=\"wpb_video_widget wpb_content_element vc_clearfix   vc_video-aspect-ratio-169 vc_video-el-width-100 vc_video-align-left\">\n\t\t<div class=\"wpb_wrapper\">\n\t\t\t\n\t\t\t<div class=\"wpb_video_wrapper\"><iframe title=\"Make Them Smile Kenya\" width=\"1200\" height=\"675\" src=\"https:\/\/www.youtube.com\/embed\/mZ0B2wuVJFo?start=3&feature=oembed\" frameborder=\"0\" allow=\"accelerometer; autoplay; encrypted-media; gyroscope; picture-in-picture\" allowfullscreen><\/iframe><\/div>\n\t\t<\/div>\n\t<\/div>\n<\/div><\/div><\/div><\/div><div class=\"upb_color\" data-bg-override=\"full\" data-bg-color=\"#dd3333\" data-fadeout=\"\" data-fadeout-percentage=\"30\" data-parallax-content=\"\" data-parallax-content-sense=\"30\" data-row-effect-mobile-disable=\"true\" data-img-parallax-mobile-disable=\"true\" data-rtl=\"false\"  data-custom-vc-row=\"\"  data-vc=\"5.0.1\"  data-is_old_vc=\"\"  data-theme-support=\"\"   data-overlay=\"false\" data-overlay-color=\"\" data-overlay-pattern=\"\" data-overlay-pattern-opacity=\"\" data-overlay-pattern-size=\"\"    ><\/div>\n","protected":false},"excerpt":{"rendered":"Historien om Make Them Smile Kenya Make Them Smile Kenya er startet af danske Ditte Engelbrecht S\u00f8rensen, som er f\u00f8dt og\u00a0opvokset i Ry i \u00d8stjylland. I 2014 rejste hun til Kenya via organisationen ICYE (International Culture Youth Exchange) for at arbejde et \u00e5r som frivillig p\u00e5 et b\u00f8rnehjem for for\u00e6ldrel\u00f8se. Opholdet satte dybe spor, og Ditte blev klar over, at<div class=\"h10\"><\/div><a class=\"more-link1\" href=\"https:\/\/makethemsmilekenya.org\/da_dk\/historien-om-make-them-smile-kenya\/\">Read more<\/a>","protected":false},"author":1,"featured_media":0,"parent":0,"menu_order":0,"comment_status":"closed","ping_status":"closed","template":"","meta":{"_mi_skip_tracking":false},"_links":{"self":[{"href":"https:\/\/makethemsmilekenya.org\/da_dk\/wp-json\/wp\/v2\/pages\/162"}],"collection":[{"href":"https:\/\/makethemsmilekenya.org\/da_dk\/wp-json\/wp\/v2\/pages"}],"about":[{"href":"https:\/\/makethemsmilekenya.org\/da_dk\/wp-json\/wp\/v2\/types\/page"}],"author":[{"embeddable":true,"href":"https:\/\/makethemsmilekenya.org\/da_dk\/wp-json\/wp\/v2\/users\/1"}],"replies":[{"embeddable":true,"href":"https:\/\/makethemsmilekenya.org\/da_dk\/wp-json\/wp\/v2\/comments?post=162"}],"version-history":[{"count":5,"href":"https:\/\/makethemsmilekenya.org\/da_dk\/wp-json\/wp\/v2\/pages\/162\/revisions"}],"predecessor-version":[{"id":2265,"href":"https:\/\/makethemsmilekenya.org\/da_dk\/wp-json\/wp\/v2\/pages\/162\/revisions\/2265"}],"wp:attachment":[{"href":"https:\/\/makethemsmilekenya.org\/da_dk\/wp-json\/wp\/v2\/media?parent=162"}],"curies":[{"name":"wp","href":"https:\/\/api.w.org\/{rel}","templated":true}]}}