{"id":1400,"date":"2020-07-05T15:57:19","date_gmt":"2020-07-05T13:57:19","guid":{"rendered":"http:\/\/makethemsmilekenya.org\/?page_id=1400"},"modified":"2022-02-20T16:38:55","modified_gmt":"2022-02-20T15:38:55","slug":"elementor-1400","status":"publish","type":"page","link":"https:\/\/makethemsmilekenya.org\/da_dk\/elementor-1400\/","title":{"rendered":"Om Os"},"content":{"rendered":"<div class=\"vc_row wpb_row vc_row-fluid\"><\/div><div class=\"wpb_column vc_column_container vc_col-sm-12\"><div class=\"vc_column-inner \"><div class=\"wpb_wrapper\"><\/div><\/div><\/div>\n\t<div class=\"wpb_text_column wpb_content_element \">\n\t\t<div class=\"wpb_wrapper\">\n\t\t\t\n\t\t<\/div>\n\t<\/div>\n\n<h2><span style=\"color: #60aa56; font-family: Raleway, Montserrat, Arial, Helvetica, sans-serif;\">Om os<\/span><\/h2>\n<h2>VORES \u00c6RINDE OG DR\u00d8M OM FREMTIDEN<\/h2>\n<h4>vores vision &amp; mission<\/h4>\n<p>MISSION<\/p>\n<p>Make Them Smile Kenyas overordnede m\u00e5l er, at udsatte b\u00f8rn inkluderes i det sociale \u00f8konomiske liv p\u00e5 lige fod med andre b\u00f8rn.<\/p>\n<p>_____________________<\/p>\n<p>VISION<\/p>\n<p>P\u00e5 sigt vil b\u00f8rnene herigennem potentielt kunne opn\u00e5 kompetencer og handlemuligheder, der s\u00e6tter dem bedre i stand til at agere aktivt i deres lokalsamfund, blive en del af den lokale beslutningstagen, samt v\u00e6re bedre stillede til at kunne h\u00e5ndh\u00e6ve deres rettigheder.<\/p>\n<p><img decoding=\"async\" loading=\"lazy\" src=\"http:\/\/makethemsmilekenya.org\/wp-content\/uploads\/2017\/06\/playning-kids-scaled.jpg\" alt=\"\" width=\"4608\" height=\"3072\" \/><\/p>\n<p>Billeder af Ditte Engelbreth S\u00f8rensen, stifteren, p\u00e5 det k\u00f8bte jord i Kenya.<\/p>\n<p><img decoding=\"async\" loading=\"lazy\" src=\"http:\/\/makethemsmilekenya.org\/wp-content\/uploads\/2017\/06\/IMG_1862-1024x768.jpg\" sizes=\"(max-width: 1024px) 100vw, 1024px\" srcset=\"http:\/\/makethemsmilekenya.org\/wp-content\/uploads\/2017\/06\/IMG_1862-1024x768.jpg 1024w, http:\/\/makethemsmilekenya.org\/wp-content\/uploads\/2017\/06\/IMG_1862-300x225.jpg 300w, http:\/\/makethemsmilekenya.org\/wp-content\/uploads\/2017\/06\/IMG_1862-768x576.jpg 768w\" alt=\"\" width=\"1024\" height=\"768\" \/><br \/>\n<img decoding=\"async\" loading=\"lazy\" src=\"http:\/\/makethemsmilekenya.org\/wp-content\/uploads\/2017\/06\/IMG_2070-1024x768.jpg\" sizes=\"(max-width: 1024px) 100vw, 1024px\" srcset=\"http:\/\/makethemsmilekenya.org\/wp-content\/uploads\/2017\/06\/IMG_2070-1024x768.jpg 1024w, http:\/\/makethemsmilekenya.org\/wp-content\/uploads\/2017\/06\/IMG_2070-300x225.jpg 300w, http:\/\/makethemsmilekenya.org\/wp-content\/uploads\/2017\/06\/IMG_2070-768x576.jpg 768w\" alt=\"\" width=\"1024\" height=\"768\" \/><br \/>\n<img decoding=\"async\" loading=\"lazy\" src=\"http:\/\/makethemsmilekenya.org\/wp-content\/uploads\/2017\/06\/IMG_1853-1024x768.jpg\" sizes=\"(max-width: 1024px) 100vw, 1024px\" srcset=\"http:\/\/makethemsmilekenya.org\/wp-content\/uploads\/2017\/06\/IMG_1853-1024x768.jpg 1024w, http:\/\/makethemsmilekenya.org\/wp-content\/uploads\/2017\/06\/IMG_1853-300x225.jpg 300w, http:\/\/makethemsmilekenya.org\/wp-content\/uploads\/2017\/06\/IMG_1853-768x576.jpg 768w\" alt=\"\" width=\"1024\" height=\"768\" \/><\/p>\n<h2>HJ\u00c6LP KENYAS GADEB\u00d8RN<\/h2>\n<p>&#8230;til at f\u00e5 et v\u00e6rdigt liv, v\u00e6k fra stoffer, prostitution og vold. Make Them Smile Kenya giver dem et v\u00e6rested, hvor de kan finde selvv\u00e6rd, k\u00e6rligheden og h\u00e5bet p\u00e5 en fremtid.<\/p>\n<p><a role=\"button\" href=\"http:\/\/makethemsmilekenya.org\/da_dk\/stoet-os-2\/\"><br \/>\nST\u00d8T OP<br \/>\n<\/a><br \/>\n<iframe loading=\"lazy\" title=\"Make Them Smile Kenya\" width=\"1200\" height=\"675\" src=\"https:\/\/www.youtube.com\/embed\/mZ0B2wuVJFo?feature=oembed\" frameborder=\"0\" allow=\"accelerometer; autoplay; clipboard-write; encrypted-media; gyroscope; picture-in-picture\" allowfullscreen><\/iframe><\/p>\n","protected":false},"excerpt":{"rendered":"Om os VORES \u00c6RINDE OG DR\u00d8M OM FREMTIDEN vores vision &amp; mission MISSION Make Them Smile Kenyas overordnede m\u00e5l er, at udsatte b\u00f8rn inkluderes i det sociale \u00f8konomiske liv p\u00e5 lige fod med andre b\u00f8rn. _____________________ VISION P\u00e5 sigt vil b\u00f8rnene herigennem potentielt kunne opn\u00e5 kompetencer og handlemuligheder, der s\u00e6tter dem bedre i stand til at agere aktivt i deres<div class=\"h10\"><\/div><a class=\"more-link1\" href=\"https:\/\/makethemsmilekenya.org\/da_dk\/elementor-1400\/\">Read more<\/a>","protected":false},"author":6,"featured_media":0,"parent":0,"menu_order":0,"comment_status":"closed","ping_status":"closed","template":"","meta":{"_mi_skip_tracking":false},"_links":{"self":[{"href":"https:\/\/makethemsmilekenya.org\/da_dk\/wp-json\/wp\/v2\/pages\/1400"}],"collection":[{"href":"https:\/\/makethemsmilekenya.org\/da_dk\/wp-json\/wp\/v2\/pages"}],"about":[{"href":"https:\/\/makethemsmilekenya.org\/da_dk\/wp-json\/wp\/v2\/types\/page"}],"author":[{"embeddable":true,"href":"https:\/\/makethemsmilekenya.org\/da_dk\/wp-json\/wp\/v2\/users\/6"}],"replies":[{"embeddable":true,"href":"https:\/\/makethemsmilekenya.org\/da_dk\/wp-json\/wp\/v2\/comments?post=1400"}],"version-history":[{"count":5,"href":"https:\/\/makethemsmilekenya.org\/da_dk\/wp-json\/wp\/v2\/pages\/1400\/revisions"}],"predecessor-version":[{"id":2237,"href":"https:\/\/makethemsmilekenya.org\/da_dk\/wp-json\/wp\/v2\/pages\/1400\/revisions\/2237"}],"wp:attachment":[{"href":"https:\/\/makethemsmilekenya.org\/da_dk\/wp-json\/wp\/v2\/media?parent=1400"}],"curies":[{"name":"wp","href":"https:\/\/api.w.org\/{rel}","templated":true}]}}