{"id":112,"date":"2017-06-06T20:37:46","date_gmt":"2017-06-06T18:37:46","guid":{"rendered":"http:\/\/makethemsmilekenya.org\/?page_id=112"},"modified":"2019-11-02T21:08:02","modified_gmt":"2019-11-02T20:08:02","slug":"liv-paa-gaden","status":"publish","type":"page","link":"https:\/\/makethemsmilekenya.org\/da_dk\/historie-2\/liv-paa-gaden\/","title":{"rendered":"Et liv p\u00e5 gaden"},"content":{"rendered":"<div class=\"vc_row wpb_row vc_row-fluid\"><div class=\"wpb_column vc_column_container vc_col-sm-12\"><div class=\"vc_column-inner \"><div class=\"wpb_wrapper\"><div class=\"boc_spacing \" style=\"height: 50px\"><\/div><h2 class=\"boc_heading  al_left  \"  style=\"margin-bottom: 20px;margin-top: 0px;color: #333;\"><span><strong>Antonys historie fra et liv p\u00e5 gaden<\/strong><\/span><\/h2><\/div><\/div><\/div><\/div><div class=\"vc_row wpb_row vc_row-fluid\"><div class=\"wpb_column vc_column_container vc_col-sm-6\"><div class=\"vc_column-inner \"><div class=\"wpb_wrapper\">\n\t<div class=\"wpb_text_column wpb_content_element \">\n\t\t<div class=\"wpb_wrapper\">\n\t\t\t<div class=\"row\">\n<div class=\"col\">\n<div class=\"extra\">\n<div class=\"component \">\n<div class=\"self mobile-leaf text textnormal\">\n<div>\n<p>Mit navn er Antony Njenga. Jeg bor i Praisegate Childrens Home. F\u00f8r jeg flyttede der til, boede jeg i Githagari. Jeg er f\u00f8dt i 1999, hvor jeg boede med min mor og far. Et \u00e5r senere rejste min mor og jeg fra min far. Vi flyttede til Kiambu, hvor vi startede med at s\u00e6lge \u00f8l. Efter en uge kom min mor med en nye k\u00e6reste, og vi flyttede igen til Githagoro. Min mor startede med at s\u00e6lge hjemmebrygget alkohol (Meti Nidawa) og hun begyndte at drikke.<\/p>\n<p>Jeg forlod skolen og hjalp hende med at s\u00e6lge Meti Nidawa &#8211; 20 liter om dagen. Jeg kunne ikke se det forkerte i at s\u00e6lge alkohol i stedet for at g\u00e5 i skole. Jeg var kun 9 \u00e5r.<\/p>\n<p>Nogle m\u00e5neder senere d\u00f8de min mors k\u00e6reste. Han d\u00f8de af en blanding af det hjemme bryggede alkohol og medicin. Han faldt ned af nogle trapper og d\u00f8de, f\u00f8r nogle kunne n\u00e5 at g\u00f8re noget.<\/p>\n<\/div>\n<\/div>\n<\/div>\n<\/div>\n<\/div>\n<\/div>\n<div class=\"row\">\n<div class=\"col\">\n<div class=\"component \">\n<div class=\"self mobile-leaf text textnormal\">\n<div>\n<p>Da min mors k\u00e6reste d\u00f8de, gik det op for mig, hvad alkohol kunne v\u00e6re skyld i. Den eneste udvej jeg havde, var at flytte fra min mor. Jeg boede nu alene. P\u00e5 min vej til Runda (sted for rige mennesker) spurgte en mand om hvordan han kunne hj\u00e6lpe mig. Jeg svarede ham ikke. Manden \u00e5bnede bild\u00f8ren, og jeg blev k\u00f8rt hjem til ham. Jeg boede der i noget tid. Endelig et sted, hvor jeg f\u00f8lte mig tilpas, og hvor der var gl\u00e6de. Den jul fejrede jeg hos den rige mand. Dagen efter s\u00e5 jeg i TV, at det var forbudt at samle gadeb\u00f8rn op og tage dem til sig. Jeg fortalte mandens b\u00f8rn, at jeg m\u00e5tte forlade stedet, ellers ville deres far blive dr\u00e6bt.<\/p>\n<p>Jeg havde ikke lyst til at g\u00e5 hjem til min mor, men jeg var n\u00f8dt til at passere omr\u00e5det, hvor hun boede. Idet jeg gjorde det, m\u00f8dte jeg en gruppe p\u00e5 fem drenge. De havde pr\u00f8vet at finde mig i nogen tid, og det lykkedes dem desv\u00e6rre nu. De slog, sparkede og spyttede p\u00e5 mig, og s\u00e5 l\u00f8b jeg hjem til min mor, som betalte dem.<\/p>\n<p>Jeg rejste mig og forsatte til skoven. Jeg h\u00e5bede, at jeg her kunne finde det liv jeg \u00f8nskede, nemlig at f\u00e5 et rigtigt hjem blandt folk, der kun ville mig det godt. Jeg fandt to hunde, og vi blev rigtig gode venner. Jeg lavede mad til os alle om dagen og hundene varmede mig om aftenen. Jeg l\u00e6rte at lave min egen medicin, som kan bruges til hud og mave. Efter en uge blev jeg n\u00f8dt til at forlade skoven, da situationen blandt de lokale stammer gjorde, at de slog hinanden ihjel.<\/p>\n<\/div>\n<\/div>\n<\/div>\n<\/div>\n<\/div>\n\n\t\t<\/div>\n\t<\/div>\n<\/div><\/div><\/div><div class=\"wpb_column vc_column_container vc_col-sm-6\"><div class=\"vc_column-inner \"><div class=\"wpb_wrapper\">\n\t<div class=\"wpb_single_image wpb_content_element vc_align_left\">\n\t\t\n\t\t<figure class=\"wpb_wrapper vc_figure\">\n\t\t\t<div class=\"vc_single_image-wrapper   vc_box_border_grey\"><img width=\"599\" height=\"580\" src=\"https:\/\/makethemsmilekenya.org\/wp-content\/uploads\/2017\/06\/anthony.jpg\" class=\"vc_single_image-img attachment-full\" alt=\"\" decoding=\"async\" loading=\"lazy\" srcset=\"https:\/\/makethemsmilekenya.org\/wp-content\/uploads\/2017\/06\/anthony.jpg 599w, https:\/\/makethemsmilekenya.org\/wp-content\/uploads\/2017\/06\/anthony-400x387.jpg 400w, https:\/\/makethemsmilekenya.org\/wp-content\/uploads\/2017\/06\/anthony-300x290.jpg 300w\" sizes=\"(max-width: 599px) 100vw, 599px\" \/><\/div>\n\t\t<\/figure>\n\t<\/div>\n<\/div><\/div><\/div><\/div>\n","protected":false},"excerpt":{"rendered":"Antonys historie fra et liv p\u00e5 gaden Mit navn er Antony Njenga. Jeg bor i Praisegate Childrens Home. F\u00f8r jeg flyttede der til, boede jeg i Githagari. Jeg er f\u00f8dt i 1999, hvor jeg boede med min mor og far. Et \u00e5r senere rejste min mor og jeg fra min far. Vi flyttede til Kiambu, hvor vi startede med at<div class=\"h10\"><\/div><a class=\"more-link1\" href=\"https:\/\/makethemsmilekenya.org\/da_dk\/historie-2\/liv-paa-gaden\/\">Read more<\/a>","protected":false},"author":1,"featured_media":0,"parent":166,"menu_order":0,"comment_status":"closed","ping_status":"closed","template":"","meta":{"_mi_skip_tracking":false},"_links":{"self":[{"href":"https:\/\/makethemsmilekenya.org\/da_dk\/wp-json\/wp\/v2\/pages\/112"}],"collection":[{"href":"https:\/\/makethemsmilekenya.org\/da_dk\/wp-json\/wp\/v2\/pages"}],"about":[{"href":"https:\/\/makethemsmilekenya.org\/da_dk\/wp-json\/wp\/v2\/types\/page"}],"author":[{"embeddable":true,"href":"https:\/\/makethemsmilekenya.org\/da_dk\/wp-json\/wp\/v2\/users\/1"}],"replies":[{"embeddable":true,"href":"https:\/\/makethemsmilekenya.org\/da_dk\/wp-json\/wp\/v2\/comments?post=112"}],"version-history":[{"count":5,"href":"https:\/\/makethemsmilekenya.org\/da_dk\/wp-json\/wp\/v2\/pages\/112\/revisions"}],"predecessor-version":[{"id":1024,"href":"https:\/\/makethemsmilekenya.org\/da_dk\/wp-json\/wp\/v2\/pages\/112\/revisions\/1024"}],"up":[{"embeddable":true,"href":"https:\/\/makethemsmilekenya.org\/da_dk\/wp-json\/wp\/v2\/pages\/166"}],"wp:attachment":[{"href":"https:\/\/makethemsmilekenya.org\/da_dk\/wp-json\/wp\/v2\/media?parent=112"}],"curies":[{"name":"wp","href":"https:\/\/api.w.org\/{rel}","templated":true}]}}